{"id":97,"date":"2020-06-26T14:51:55","date_gmt":"2020-06-24T23:52:42","guid":{"rendered":"https:\/\/coachingemocional.es\/como-2-2-2-2-3\/"},"modified":"2020-08-19T13:46:18","modified_gmt":"2020-08-19T11:46:18","slug":"enlaces","status":"publish","type":"page","link":"https:\/\/coachingemocional.es\/en\/enlaces\/","title":{"rendered":"8 enlace y lecturas"},"content":{"rendered":"","protected":false},"excerpt":{"rendered":"","protected":false},"author":1,"featured_media":0,"parent":0,"menu_order":4,"comment_status":"closed","ping_status":"closed","template":"","meta":[],"class_list":["post-97","page","type-page","status-publish","hentry"],"grid":"{\r\n  \"colCount\": 24,\r\n  \"colGutter\": 1,\r\n  \"rowGutters\": [\r\n    2,\r\n    2,\r\n    2,\r\n    2\r\n  ],\r\n  \"frameMargin\": 1,\r\n  \"topFrameMargin\": 0,\r\n  \"bottomFrameMargin\": 0,\r\n  \"rowAttrs\": [\r\n    {},\r\n    {},\r\n    {},\r\n    {},\r\n    {}\r\n  ],\r\n  \"bgColor\": null,\r\n  \"cont\": [\r\n    {\r\n      \"type\": \"text\",\r\n      \"cont\": \"<p style=\\\"line-height: 0.4;\\\"><span style=\\\"color: #424242; font-family: NeueMontreal-Regular;\\\"><span style=\\\"font-size: 12px;\\\">Coaching<\/span><\/span><\/p>\",\r\n      \"align\": \"top\",\r\n      \"row\": 0,\r\n      \"col\": 18,\r\n      \"colspan\": 3,\r\n      \"offsetx\": 0,\r\n      \"offsety\": 0,\r\n      \"spaceabove\": 1,\r\n      \"spacebelow\": 0,\r\n      \"yvel\": 1,\r\n      \"push\": 18,\r\n      \"relid\": 18,\r\n      \"frameOverflow\": \"\"\r\n    },\r\n    {\r\n      \"type\": \"text\",\r\n      \"cont\": \"<p style=\\\"line-height: 0.4;\\\"><span style=\\\"font-size: 12px; font-family: NeueMontreal-Regular; color: #424242;\\\">WHITMORE, John, Coaching, Ed. Paid\u00f3s, 2002\u2028GALLWAY, Timothy, El Juego Interior, Ed. Sirio, 1974, 1997.\u2028DILTS, Robert, Coaching, Herramientas para el Cambio, Ed. Urano, 2003<br \/><br \/>DILTS, Robert, Changing Belief System with NLP, Meta Publications, 1990<\/span><\/p>\",\r\n      \"align\": \"top\",\r\n      \"row\": 0,\r\n      \"col\": 21,\r\n      \"colspan\": 3,\r\n      \"offsetx\": -0.8,\r\n      \"offsety\": 0,\r\n      \"spaceabove\": 1,\r\n      \"spacebelow\": 0,\r\n      \"yvel\": 1,\r\n      \"push\": 0,\r\n      \"relid\": 13,\r\n      \"frameOverflow\": \"\"\r\n    },\r\n    {\r\n      \"type\": \"text\",\r\n      \"cont\": \"<p style=\\\"line-height: 0.4;\\\"><span style=\\\"color: #424242; font-family: NeueMontreal-Regular;\\\"><span style=\\\"font-size: 12px;\\\">NLP<\/span><\/span><\/p>\",\r\n      \"align\": \"top\",\r\n      \"row\": 1,\r\n      \"col\": 18,\r\n      \"colspan\": 2,\r\n      \"offsetx\": 0,\r\n      \"offsety\": 0,\r\n      \"spaceabove\": 0,\r\n      \"spacebelow\": 0,\r\n      \"yvel\": 1,\r\n      \"push\": 18,\r\n      \"relid\": 19\r\n    },\r\n    {\r\n      \"type\": \"text\",\r\n      \"cont\": \"<p style=\\\"line-height: 0.4;\\\"><span style=\\\"font-size: 12px; letter-spacing: 0.02em; font-family: NeueMontreal-Regular; color: #424242;\\\">BANDLER, Richard y GRINDER, John ; La estructura de la Magia<br \/><\/span><br \/><span style=\\\"font-size: 12px; letter-spacing: 0.02em; font-family: NeueMontreal-Regular; color: #424242;\\\">BANDLER, Richard y GRINDER, John ; De Sapos a Pr\u00edncipes ; Gaia Ediciones, 2000<br \/><\/span><br \/><span style=\\\"font-size: 12px; letter-spacing: 0.02em; font-family: NeueMontreal-Regular; color: #424242;\\\">GRINDER, John, DELOZIER, Judith, Turtles all the way down, Prerequisites to Personal Genius, Grinder &amp; Associates Publishing, 1994<br \/><\/span><br \/><span style=\\\"font-size: 12px; letter-spacing: 0.02em; font-family: NeueMontreal-Regular; color: #424242;\\\">O\u2019CONNOR, Joseph y LAGES, Andrea, Coaching con PNL, ed. Urano, 2004<br \/><\/span><br \/><span style=\\\"font-size: 12px; letter-spacing: 0.02em; font-family: NeueMontreal-Regular; color: #424242;\\\">DILTS, Robert, Coaching, ed. Urano<br \/><\/span><br \/><span style=\\\"font-size: 12px; letter-spacing: 0.02em; font-family: NeueMontreal-Regular; color: #424242;\\\">DILTS, Robert, Changing Belief System with NLP, , Meta Publications, 1990<\/span><\/p>\",\r\n      \"align\": \"top\",\r\n      \"row\": 1,\r\n      \"col\": 21,\r\n      \"colspan\": 3,\r\n      \"offsetx\": -0.8,\r\n      \"offsety\": 0,\r\n      \"spaceabove\": 0,\r\n      \"spacebelow\": 0,\r\n      \"yvel\": 1,\r\n      \"push\": 1,\r\n      \"relid\": 14,\r\n      \"frameOverflow\": \"\"\r\n    },\r\n    {\r\n      \"type\": \"text\",\r\n      \"cont\": \"<p style=\\\"line-height: 0.4;\\\"><span style=\\\"color: #424242; font-family: NeueMontreal-Regular;\\\"><span style=\\\"font-size: 12px;\\\">Emotional Intelligence<\/span><\/span><\/p>\",\r\n      \"align\": \"top\",\r\n      \"row\": 2,\r\n      \"col\": 18,\r\n      \"colspan\": 3,\r\n      \"offsetx\": 0,\r\n      \"offsety\": 0,\r\n      \"spaceabove\": 0,\r\n      \"spacebelow\": 0,\r\n      \"yvel\": 1,\r\n      \"push\": 18,\r\n      \"relid\": 20,\r\n      \"frameOverflow\": \"\"\r\n    },\r\n    {\r\n      \"type\": \"text\",\r\n      \"cont\": \"<p style=\\\"line-height: 0.4;\\\"><span style=\\\"font-size: 12px; letter-spacing: 0.02em; font-family: NeueMontreal-Regular; color: #424242;\\\">BANDLER, Richard y GRINDER, John ; La estructura de la Magia<br \/><\/span><br \/><span style=\\\"font-size: 12px; letter-spacing: 0.02em; font-family: NeueMontreal-Regular; color: #424242;\\\">BANDLER, Richard y GRINDER, John ; De Sapos a Pr\u00edncipes ; Gaia Ediciones, 2000<br \/><\/span><br \/><span style=\\\"font-size: 12px; letter-spacing: 0.02em; font-family: NeueMontreal-Regular; color: #424242;\\\">GRINDER, John, DELOZIER, Judith, Turtles all the way down, Prerequisites to Personal Genius, Grinder &amp; Associates Publishing, 1994<br \/><\/span><br \/><span style=\\\"font-size: 12px; letter-spacing: 0.02em; font-family: NeueMontreal-Regular; color: #424242;\\\">O\u2019CONNOR, Joseph y LAGES, Andrea, Coaching con PNL, ed. Urano, 2004<br \/><\/span><br \/><span style=\\\"font-size: 12px; letter-spacing: 0.02em; font-family: NeueMontreal-Regular; color: #424242;\\\">DILTS, Robert, Coaching, ed. Urano<br \/><\/span><br \/><span style=\\\"font-size: 12px; letter-spacing: 0.02em; font-family: NeueMontreal-Regular; color: #424242;\\\">DILTS, Robert, Changing Belief System with NLP, , Meta Publications, 1990<\/span><\/p>\",\r\n      \"align\": \"middle\",\r\n      \"row\": 2,\r\n      \"col\": 21,\r\n      \"colspan\": 3,\r\n      \"offsetx\": -0.8,\r\n      \"offsety\": 0,\r\n      \"spaceabove\": 0,\r\n      \"spacebelow\": 0,\r\n      \"yvel\": 1,\r\n      \"push\": 0,\r\n      \"relid\": 16,\r\n      \"frameOverflow\": \"\"\r\n    },\r\n    {\r\n      \"type\": \"text\",\r\n      \"cont\": \"<p style=\\\"line-height: 0.4;\\\"><span style=\\\"color: #424242; font-family: NeueMontreal-Regular;\\\"><span style=\\\"font-size: 12px;\\\">Non Verbal Communication<\/span><\/span><\/p>\",\r\n      \"align\": \"top\",\r\n      \"row\": 3,\r\n      \"col\": 18,\r\n      \"colspan\": 3,\r\n      \"offsetx\": 0,\r\n      \"offsety\": 0,\r\n      \"spaceabove\": 0,\r\n      \"spacebelow\": 0,\r\n      \"yvel\": 1,\r\n      \"push\": 18,\r\n      \"relid\": 21,\r\n      \"frameOverflow\": \"\"\r\n    },\r\n    {\r\n      \"type\": \"text\",\r\n      \"cont\": \"<p class=\\\"p1\\\" style=\\\"line-height: 0.4;\\\"><span style=\\\"font-size: 12px; letter-spacing: 0.02em; font-family: NeueMontreal-Regular; color: #424242;\\\"><span class=\\\"s1\\\">KNAPP, Mark L.s (1980). La Comunicaci\u00f3n No Verbal, El cuerpo y el Entorno, Barcelona: Ed. Paid\u00f3s Comunicaci\u00f3n<br \/><\/span><span class=\\\"s2\\\"><br \/><\/span><span class=\\\"s1\\\">PEASE, Allan y PEASE, Barbara. (2006). El Lenguaje del Cuerpo, Barcelona: Ed. Amat<\/span><\/span><\/p>\",\r\n      \"align\": \"top\",\r\n      \"row\": 3,\r\n      \"col\": 21,\r\n      \"colspan\": 3,\r\n      \"offsetx\": -0.8,\r\n      \"offsety\": 0,\r\n      \"spaceabove\": 0,\r\n      \"spacebelow\": 0,\r\n      \"yvel\": 1,\r\n      \"push\": 0,\r\n      \"relid\": 17,\r\n      \"frameOverflow\": \"right\"\r\n    },\r\n    {\r\n      \"type\": \"text\",\r\n      \"cont\": \"<p style=\\\"line-height: 0.4;\\\"><span style=\\\"color: #424242; font-family: NeueMontreal-Regular;\\\"><span style=\\\"font-size: 12px;\\\">Non Verbal Communication<\/span><\/span><\/p>\",\r\n      \"align\": \"top\",\r\n      \"row\": 4,\r\n      \"col\": 18,\r\n      \"colspan\": 2,\r\n      \"offsetx\": 0,\r\n      \"offsety\": 0,\r\n      \"spaceabove\": 0,\r\n      \"spacebelow\": 0,\r\n      \"yvel\": 1,\r\n      \"push\": 18,\r\n      \"relid\": 32\r\n    },\r\n    {\r\n      \"type\": \"text\",\r\n      \"cont\": \"<p class=\\\"p1\\\" style=\\\"line-height: 0.4;\\\"><span style=\\\"color: #424242;\\\"><span style=\\\"font-size: 12px; letter-spacing: 0.02em; font-family: NeueMontreal-Regular;\\\"><span class=\\\"s1\\\">CHANGEUX, Jean-Pierre.(2002). Raison et Plaisir, Paris: Odile Jacob<br \/><br \/>DAMASIO, Antonio. (2003). Spinoza avait raison, Joie et Tristesse, Le Cerveau des Emotions. Paris: Odile Jacob<br \/><br \/>GARDNER, Howard. (2005). Las Cinco Mentes del Futuro. Barcelona: Ed. Paid\u00f3s<br \/><\/span><span class=\\\"s2\\\"><br \/><\/span><span class=\\\"s1\\\">GARDNER, Howard. (2005). Arte, Mente y Cerebro, una aproximaci\u00f3n cognitiva a la creatividad. Barcelona: Ed. Paid\u00f3s<br \/><\/span><span class=\\\"s2\\\"><br \/><\/span><span class=\\\"s1\\\">GARDNER, Howard. (2005). Inteligencias M\u00faltiples, La teor\u00eda en la pr\u00e1ctica. Barcelona: Ed. Paid\u00f3s<br \/><\/span><span class=\\\"s2\\\"><br \/><\/span><span class=\\\"s1\\\">GARDNER, Howard. (1995). Mentes Creativas, Una anatom\u00eda de la creatividad. Barcelona: Ed. Paid\u00f3s<br \/><\/span><span class=\\\"s2\\\"><br \/><\/span><span class=\\\"s1\\\">GOLEMAN, Daniel. (1999). La Pr\u00e1ctica de la Inteligencia Emocional. Barcelona: Kair\u00f3s<br \/><\/span><span class=\\\"s2\\\"><br \/><\/span><span class=\\\"s1\\\">GOLEMAN, Daniel. (1996). Inteligencia Emocional. Barcelona: Kair\u00f3s<br \/><\/span><span class=\\\"s2\\\"><br \/><\/span><span class=\\\"s1\\\">GOLEMAN, Daniel. (2003). Emociones destructivas, como entenderlas y superarlas. Barcelona: Kair\u00f3s<br \/><\/span><span class=\\\"s2\\\"><br \/><\/span><span class=\\\"s1\\\">LEDOUX, Joseph. (2005). Le Cerveau des Emotions. Paris: Odile Jacob- Sciences<br \/><\/span><span class=\\\"s2\\\"><br \/><\/span><span class=\\\"s1\\\">RAMACHANDRAN, Vilayanur. (2005). Le Cerveau, cet Artiste, Paris: Eyrolles<br \/><\/span><span class=\\\"s2\\\"><br \/><\/span><span class=\\\"s1\\\">JENSEN, Eric. (2004). Cerebro y Aprendizaje. Madrid: ed. Narcea<br \/><br \/><\/span><\/span><span style=\\\"font-size: 12px; letter-spacing: 0.02em; font-family: NeueMontreal-Regular;\\\"><span class=\\\"s1\\\">SERVAN-SCHREIBER, David. (2003). Curaci\u00f3n Emocional. Barcelona: Kair\u00f3s<\/span><\/span><\/span><\/p>\",\r\n      \"align\": \"top\",\r\n      \"row\": 4,\r\n      \"col\": 21,\r\n      \"colspan\": 3,\r\n      \"offsetx\": -0.8,\r\n      \"offsety\": 0,\r\n      \"spaceabove\": 0,\r\n      \"spacebelow\": 8.4,\r\n      \"yvel\": 1,\r\n      \"push\": 1,\r\n      \"relid\": 31,\r\n      \"frameOverflow\": \"\"\r\n    }\r\n  ]\r\n}","phonegrid":"{\r\n  \"colCount\": 12,\r\n  \"colGutter\": 1,\r\n  \"rowGutters\": [\r\n    20,\r\n    5,\r\n    5,\r\n    5,\r\n    5,\r\n    40\r\n  ],\r\n  \"frameMargin\": 3,\r\n  \"topFrameMargin\": 3,\r\n  \"bottomFrameMargin\": 3,\r\n  \"rowAttrs\": [\r\n    {},\r\n    {},\r\n    {},\r\n    {},\r\n    {},\r\n    {},\r\n    {}\r\n  ],\r\n  \"bgColor\": null,\r\n  \"cont\": [\r\n    {\r\n      \"type\": \"text\",\r\n      \"cont\": \"<p style=\\\"line-height: 0.8;\\\"><span style=\\\"color: #424242; font-family: NeueMontreal-Regular; font-size: 26px; letter-spacing: 0em;\\\">links &amp; bibliography<\/span><\/p>\",\r\n      \"align\": \"top\",\r\n      \"row\": 0,\r\n      \"col\": 0,\r\n      \"colspan\": 12,\r\n      \"offsetx\": 0,\r\n      \"offsety\": 0,\r\n      \"spaceabove\": 0,\r\n      \"spacebelow\": 0,\r\n      \"yvel\": 1,\r\n      \"push\": 0,\r\n      \"relid\": 29\r\n    },\r\n    {\r\n      \"type\": \"text\",\r\n      \"cont\": \"<p class=\\\"p1\\\" style=\\\"line-height: 1;\\\"><span style=\\\"color: #424242; font-size: 12px; font-family: NeueMontreal-Regular;\\\"><span style=\\\"letter-spacing: 0.24px;\\\">Coaching<\/span><\/span><\/p>\",\r\n      \"align\": \"top\",\r\n      \"row\": 1,\r\n      \"col\": 0,\r\n      \"colspan\": 6,\r\n      \"offsetx\": 0,\r\n      \"offsety\": 0,\r\n      \"spaceabove\": 0,\r\n      \"spacebelow\": 0,\r\n      \"yvel\": 1,\r\n      \"push\": 0,\r\n      \"relid\": 15\r\n    },\r\n    {\r\n      \"type\": \"text\",\r\n      \"cont\": \"<p class=\\\"p1\\\" style=\\\"line-height: 1;\\\"><span style=\\\"font-size: 12px; font-family: NeueMontreal-Regular; color: #424242; letter-spacing: 0.02em;\\\">WHITMORE, John, Coaching, Ed. Paid\u00f3s, 2002<br \/><br \/>GALLWAY, Timothy, El Juego Interior, Ed. Sirio, 1974, 1997.\u2028<br \/><br \/>DILTS, Robert, Coaching, Herramientas para el Cambio, Ed. Urano, 2003<br \/><br \/>DILTS, Robert, Changing Belief System with NLP, Meta Publications, 1990<\/span><\/p>\",\r\n      \"align\": \"bottom\",\r\n      \"row\": 1,\r\n      \"col\": 6,\r\n      \"colspan\": 6,\r\n      \"offsetx\": 0,\r\n      \"offsety\": 0,\r\n      \"spaceabove\": 0,\r\n      \"spacebelow\": 0,\r\n      \"yvel\": 1,\r\n      \"push\": 0,\r\n      \"relid\": 22\r\n    },\r\n    {\r\n      \"type\": \"text\",\r\n      \"cont\": \"<p class=\\\"p1\\\" style=\\\"line-height: 1;\\\"><span style=\\\"color: #424242; font-size: 12px; font-family: NeueMontreal-Regular;\\\"><span style=\\\"letter-spacing: 0.24px;\\\">NLP<\/span><\/span><\/p>\",\r\n      \"align\": \"top\",\r\n      \"row\": 2,\r\n      \"col\": 0,\r\n      \"colspan\": 6,\r\n      \"offsetx\": 0,\r\n      \"offsety\": 0,\r\n      \"spaceabove\": 0,\r\n      \"spacebelow\": 0,\r\n      \"yvel\": 1,\r\n      \"push\": 0,\r\n      \"relid\": 24\r\n    },\r\n    {\r\n      \"type\": \"text\",\r\n      \"cont\": \"<p style=\\\"line-height: 1;\\\"><span style=\\\"font-size: 12px; letter-spacing: 0.02em; font-family: NeueMontreal-Regular; color: #424242;\\\">BANDLER, Richard y GRINDER, John; La estructura de la Magia<\/span><\/p><p style=\\\"line-height: 1;\\\"><span style=\\\"font-size: 12px; letter-spacing: 0.02em; font-family: NeueMontreal-Regular; color: #424242;\\\">BANDLER, Richard y GRINDER, John; De Sapos a Pr\u00edncipes; Gaia Ediciones, 2000<\/span><\/p><p style=\\\"line-height: 1;\\\"><span style=\\\"font-size: 12px; letter-spacing: 0.02em; font-family: NeueMontreal-Regular; color: #424242;\\\">GRINDER, John, DELOZIER, Judith, Turtles all the way down, Prerequisites to Personal Genius, Grinder &amp; Associates Publishing, 1994<\/span><\/p><p style=\\\"line-height: 1;\\\"><span style=\\\"font-size: 12px; letter-spacing: 0.02em; font-family: NeueMontreal-Regular; color: #424242;\\\">O\u2019CONNOR, Joseph y LAGES, Andrea, Coaching con PNL, ed. Urano, 2004<\/span><\/p><p style=\\\"line-height: 1;\\\"><span style=\\\"font-size: 12px; letter-spacing: 0.02em; font-family: NeueMontreal-Regular; color: #424242;\\\">DILTS, Robert, Coaching, ed. Urano<\/span><\/p><p style=\\\"line-height: 1;\\\"><span style=\\\"font-size: 12px; letter-spacing: 0.02em; font-family: NeueMontreal-Regular; color: #424242;\\\">DILTS, Robert, Changing Belief System with NLP, Meta Publications, 1990<\/span><\/p>\",\r\n      \"align\": \"top\",\r\n      \"row\": 2,\r\n      \"col\": 6,\r\n      \"colspan\": 6,\r\n      \"offsetx\": 0,\r\n      \"offsety\": 0,\r\n      \"spaceabove\": 0,\r\n      \"spacebelow\": 0,\r\n      \"yvel\": 1,\r\n      \"push\": 0,\r\n      \"relid\": 23\r\n    },\r\n    {\r\n      \"type\": \"text\",\r\n      \"cont\": \"<p class=\\\"p1\\\" style=\\\"line-height: 1;\\\"><span style=\\\"font-size: 12px; letter-spacing: 0.02em; font-family: NeueMontreal-Regular; color: #424242;\\\">Emotional Intelligence<\/span><\/p>\",\r\n      \"align\": \"top\",\r\n      \"row\": 3,\r\n      \"col\": 0,\r\n      \"colspan\": 6,\r\n      \"offsetx\": 0,\r\n      \"offsety\": 0,\r\n      \"spaceabove\": 0,\r\n      \"spacebelow\": 0,\r\n      \"yvel\": 1,\r\n      \"push\": 0,\r\n      \"relid\": 26\r\n    },\r\n    {\r\n      \"type\": \"text\",\r\n      \"cont\": \"<p class=\\\"p1\\\" style=\\\"line-height: 1;\\\"><span style=\\\"font-size: 12px; letter-spacing: 0.02em; font-family: NeueMontreal-Regular; color: #424242;\\\"><span class=\\\"s1\\\">CHANGEUX, Jean-Pierre.(2002). Raison et Plaisir, Paris: Odile Jacob.<br \/><br \/>DAMASIO, Antonio. (2003). Spinoza avait raison, Joie et Tristesse, Le Cerveau des Emotions. Paris: Odile Jacob.<br \/><br \/>GARDNER, Howard. (2005). Las Cinco Mentes del Futuro. Barcelona: Ed. Paid\u00f3s.<br \/><\/span><span class=\\\"s2\\\"><br \/><\/span><span class=\\\"s1\\\">GARDNER, Howard. (2005). Arte, Mente y Cerebro, una aproximaci\u00f3n cognitiva a la creatividad. Barcelona: Ed. Paid\u00f3s.<br \/><\/span><span class=\\\"s2\\\"><br \/><\/span><span class=\\\"s1\\\">GARDNER, Howard. (2005). Inteligencias M\u00faltiples, La teor\u00eda en la pr\u00e1ctica. Barcelona: Ed. Paid\u00f3s.<br \/><\/span><span class=\\\"s2\\\"><br \/><\/span><span class=\\\"s1\\\">GARDNER, Howard. (1995). Mentes Creativas, Una anatom\u00eda de la creatividad. Barcelona: Ed. Paid\u00f3s.<br \/><\/span><span class=\\\"s2\\\"><br \/><\/span><span class=\\\"s1\\\">GOLEMAN, Daniel. (1999). La Pr\u00e1ctica de la Inteligencia Emocional. Barcelona: Kair\u00f3s.<br \/><\/span><span class=\\\"s2\\\"><br \/><\/span><span class=\\\"s1\\\">GOLEMAN, Daniel. (1996). Inteligencia Emocional. Barcelona: Kair\u00f3s.<br \/><\/span><span class=\\\"s2\\\"><br \/><\/span><span class=\\\"s1\\\">GOLEMAN, Daniel. (2003). Emociones destructivas, como entenderlas y superarlas. Barcelona: Kair\u00f3s.<br \/><\/span><span class=\\\"s2\\\"><br \/><\/span><span class=\\\"s1\\\">LEDOUX, Joseph. (2005). Le Cerveau des Emotions. Paris: Odile Jacob- Sciences.<br \/><\/span><span class=\\\"s2\\\"><br \/><\/span><span class=\\\"s1\\\">RAMACHANDRAN, Vilayanur. (2005). Le Cerveau, cet Artiste, Paris: Eyrolles.<br \/><\/span><span class=\\\"s2\\\"><br \/><\/span><span class=\\\"s1\\\">JENSEN, Eric. (2004). Cerebro y Aprendizaje. Madrid: ed. Narcea.<br \/><\/span><span class=\\\"s2\\\"><br \/><\/span><span class=\\\"s1\\\">SERVAN-SCHREIBER, David. (2003). Curaci\u00f3n Emocional. Barcelona: Kair\u00f3s.<\/span><\/span><\/p>\",\r\n      \"align\": \"top\",\r\n      \"row\": 3,\r\n      \"col\": 6,\r\n      \"colspan\": 6,\r\n      \"offsetx\": 0,\r\n      \"offsety\": 0,\r\n      \"spaceabove\": 0,\r\n      \"spacebelow\": 0,\r\n      \"yvel\": 1,\r\n      \"push\": 0,\r\n      \"relid\": 25\r\n    },\r\n    {\r\n      \"type\": \"text\",\r\n      \"cont\": \"<p class=\\\"p1\\\" style=\\\"line-height: 1;\\\"><span style=\\\"font-size: 12px; letter-spacing: 0.02em; font-family: NeueMontreal-Regular; color: #424242;\\\">Non Verbal Communication<\/span><\/p>\",\r\n      \"align\": \"top\",\r\n      \"row\": 4,\r\n      \"col\": 0,\r\n      \"colspan\": 6,\r\n      \"offsetx\": 0,\r\n      \"offsety\": 0,\r\n      \"spaceabove\": 0,\r\n      \"spacebelow\": 0,\r\n      \"yvel\": 1,\r\n      \"push\": 0,\r\n      \"relid\": 39\r\n    },\r\n    {\r\n      \"type\": \"text\",\r\n      \"cont\": \"<p class=\\\"p1\\\" style=\\\"line-height: 1;\\\"><span style=\\\"font-size: 12px; letter-spacing: 0.02em; font-family: NeueMontreal-Regular; color: #424242;\\\"><span class=\\\"s1\\\">KNAPP, Mark L.s (1980). La Comunicaci\u00f3n No Verbal, El cuerpo y el Entorno, Barcelona: Ed. Paid\u00f3s Comunicaci\u00f3n<br \/><\/span><span class=\\\"s2\\\"><br \/><\/span><span class=\\\"s1\\\">PEASE, Allan y PEASE, Barbara. (2006). El Lenguaje del Cuerpo, Barcelona: Ed. Amat<\/span><\/span><\/p>\",\r\n      \"align\": \"middle\",\r\n      \"row\": 4,\r\n      \"col\": 6,\r\n      \"colspan\": 6,\r\n      \"offsetx\": 0,\r\n      \"offsety\": 0,\r\n      \"spaceabove\": 0,\r\n      \"spacebelow\": 0,\r\n      \"yvel\": 1,\r\n      \"push\": 0,\r\n      \"relid\": 38\r\n    },\r\n    {\r\n      \"type\": \"text\",\r\n      \"cont\": \"<p class=\\\"p1\\\" style=\\\"line-height: 1;\\\"><span style=\\\"font-size: 12px; letter-spacing: 0.02em; font-family: NeueMontreal-Regular; color: #424242;\\\">Links<\/span><\/p>\",\r\n      \"align\": \"top\",\r\n      \"row\": 5,\r\n      \"col\": 0,\r\n      \"colspan\": 6,\r\n      \"offsetx\": 0,\r\n      \"offsety\": 0,\r\n      \"spaceabove\": 0,\r\n      \"spacebelow\": 0,\r\n      \"yvel\": 1,\r\n      \"push\": 0,\r\n      \"relid\": 27,\r\n      \"frameOverflow\": \"\"\r\n    },\r\n    {\r\n      \"type\": \"text\",\r\n      \"cont\": \"<p class=\\\"p1\\\" style=\\\"line-height: 1;\\\"><span style=\\\"font-family: NeueMontreal-Regular; color: #424242;\\\"><span style=\\\"font-size: 12px; letter-spacing: 0.02em;\\\"><a href=\\\"http:\/\/www.stephengilligan.com\\\" target=\\\"_blank\\\" rel=\\\"noopener\\\">Stephen Gilligan<\/a><br \/><\/span><span style=\\\"font-size: 12px; letter-spacing: 0.24px;\\\"><a href=\\\"http:\/\/www.nlpu.com\\\" target=\\\"_blank\\\" rel=\\\"noopener\\\">NLP University<\/a><br \/><\/span><span style=\\\"font-size: 12px; letter-spacing: 0.02em;\\\"><a href=\\\"http:\/\/www.biodinamicacraneosacral.com\/index.html\\\" target=\\\"_blank\\\" rel=\\\"noopener\\\">Biodinamica Craneosacral<\/a><br \/><\/span><span style=\\\"font-size: 12px; letter-spacing: 0.02em;\\\"><a href=\\\"http:\/\/www.erickson-foundation.org\\\" target=\\\"_blank\\\" rel=\\\"noopener\\\">Erickson Foundation<\/a><br \/><\/span><span style=\\\"font-size: 12px; letter-spacing: 0.02em;\\\"><a href=\\\"http:\/\/www.institutoericksonmadrid.com\/presentacion.htm\\\" target=\\\"_blank\\\" rel=\\\"noopener\\\">Instituto Erickson Madrid<\/a><br \/><\/span><span style=\\\"font-size: 12px; letter-spacing: 0.02em;\\\"><a href=\\\"http:\/\/www.institutgestalt.com\/index0.html\\\" target=\\\"_blank\\\" rel=\\\"noopener\\\">Institut Gestalt<\/a><br \/><a href=\\\"http:\/\/www.amadeustalentos.com\/\\\" target=\\\"_blank\\\" rel=\\\"noopener\\\">Amadeus Talentos<\/a><\/span><\/span><\/p>\",\r\n      \"align\": \"middle\",\r\n      \"row\": 5,\r\n      \"col\": 6,\r\n      \"colspan\": 6,\r\n      \"offsetx\": 0,\r\n      \"offsety\": 0,\r\n      \"spaceabove\": 0,\r\n      \"spacebelow\": 0,\r\n      \"yvel\": 1,\r\n      \"push\": 0,\r\n      \"relid\": 28\r\n    },\r\n    {\r\n      \"type\": \"text\",\r\n      \"cont\": \"<p class=\\\"p1\\\" style=\\\"line-height: 1;\\\"><span style=\\\"font-family: NeueMontreal-Regular; color: #424242;\\\"><span style=\\\"font-family: NeueMontreal-Regular;\\\"><span style=\\\"letter-spacing: 0.32px;\\\">\u2191 Back to top<\/span><\/span><\/span><\/p>\",\r\n      \"align\": \"top\",\r\n      \"row\": 6,\r\n      \"col\": 0,\r\n      \"colspan\": 12,\r\n      \"offsetx\": 0,\r\n      \"offsety\": 0,\r\n      \"spaceabove\": 0,\r\n      \"spacebelow\": 0,\r\n      \"yvel\": 1,\r\n      \"push\": 0,\r\n      \"relid\": 30,\r\n      \"isscrolltotop\": true\r\n    }\r\n  ]\r\n}","_links":{"self":[{"href":"https:\/\/coachingemocional.es\/en\/wp-json\/wp\/v2\/pages\/97","targetHints":{"allow":["GET"]}}],"collection":[{"href":"https:\/\/coachingemocional.es\/en\/wp-json\/wp\/v2\/pages"}],"about":[{"href":"https:\/\/coachingemocional.es\/en\/wp-json\/wp\/v2\/types\/page"}],"author":[{"embeddable":true,"href":"https:\/\/coachingemocional.es\/en\/wp-json\/wp\/v2\/users\/1"}],"replies":[{"embeddable":true,"href":"https:\/\/coachingemocional.es\/en\/wp-json\/wp\/v2\/comments?post=97"}],"version-history":[{"count":0,"href":"https:\/\/coachingemocional.es\/en\/wp-json\/wp\/v2\/pages\/97\/revisions"}],"wp:attachment":[{"href":"https:\/\/coachingemocional.es\/en\/wp-json\/wp\/v2\/media?parent=97"}],"curies":[{"name":"wp","href":"https:\/\/api.w.org\/{rel}","templated":true}]}}