{"id":120,"date":"2020-06-26T15:23:18","date_gmt":"2020-06-24T23:52:42","guid":{"rendered":"https:\/\/coachingemocional.es\/como-3\/"},"modified":"2020-08-19T14:57:42","modified_gmt":"2020-08-19T12:57:42","slug":"contacto-2","status":"publish","type":"page","link":"https:\/\/coachingemocional.es\/fr\/contacto-2\/","title":{"rendered":"9 Contacto"},"content":{"rendered":"","protected":false},"excerpt":{"rendered":"","protected":false},"author":1,"featured_media":0,"parent":0,"menu_order":3,"comment_status":"closed","ping_status":"closed","template":"","meta":[],"class_list":["post-120","page","type-page","status-publish","hentry"],"grid":"{\r\n  \"colCount\": 24,\r\n  \"colGutter\": 1,\r\n  \"rowGutters\": [],\r\n  \"frameMargin\": 2,\r\n  \"topFrameMargin\": 0,\r\n  \"bottomFrameMargin\": 2,\r\n  \"rowAttrs\": [\r\n    {}\r\n  ],\r\n  \"bgColor\": null,\r\n  \"cont\": [\r\n    {\r\n      \"type\": \"text\",\r\n      \"cont\": \"<p style=\\\"line-height: 0.4;\\\"><span style=\\\"font-size: 12px; font-family: NeueMontreal-Regular; letter-spacing: 0.02em; color: #424242;\\\">Email<br \/><a href=\\\"http:\/\/info@coachingemocional.es\u2028\\\" target=\\\"_blank\\\" rel=\\\"noopener\\\">info@coachingemocional.es\u2028<\/a><\/span><br \/><span style=\\\"font-size: 12px; font-family: NeueMontreal-Regular; letter-spacing: 0.02em; color: #424242;\\\"><a href=\\\"http:\/\/fiona@coachingemocional.es\\\" target=\\\"_blank\\\" rel=\\\"noopener\\\">fiona@coachingemocional.es<\/a><br \/><br \/>T\u00e9l\u00e9phone<\/span><br \/><span style=\\\"font-size: 12px; font-family: NeueMontreal-Regular; letter-spacing: 0.02em; color: #424242;\\\"><a href=\\\"http:\/\/+34%20675 088 851\\\" target=\\\"_blank\\\" rel=\\\"noopener\\\">+34 675 088 851<\/a><br \/><br \/>Zona Opera<br \/><\/span><span style=\\\"font-size: 12px; font-family: NeueMontreal-Regular; letter-spacing: 0.02em; color: #424242;\\\">Madrid, Spain<br \/><br \/><\/span><span style=\\\"font-size: 12px; font-family: NeueMontreal-Regular; letter-spacing: 0.02em; color: #424242;\\\">Nous faisons aussi des s\u00e9ances par t\u00e9l\u00e9phone ou par Skype.<\/span><\/p><p>\u00a0<\/p>\",\r\n      \"align\": \"top\",\r\n      \"row\": 0,\r\n      \"col\": 21,\r\n      \"colspan\": 3,\r\n      \"offsetx\": 0,\r\n      \"offsety\": 0,\r\n      \"spaceabove\": 1,\r\n      \"spacebelow\": 0,\r\n      \"yvel\": 1,\r\n      \"push\": 21,\r\n      \"relid\": 13,\r\n      \"frameOverflow\": \"\"\r\n    }\r\n  ]\r\n}","phonegrid":"{\r\n  \"colCount\": 12,\r\n  \"colGutter\": 1,\r\n  \"rowGutters\": [],\r\n  \"frameMargin\": 3,\r\n  \"topFrameMargin\": 3,\r\n  \"bottomFrameMargin\": 3,\r\n  \"rowAttrs\": [\r\n    {}\r\n  ],\r\n  \"bgColor\": null,\r\n  \"cont\": [\r\n    {\r\n      \"type\": \"text\",\r\n      \"cont\": \"<p style=\\\"line-height: 1;\\\"><span style=\\\"font-size: 16px; font-family: NeueMontreal-Regular; letter-spacing: 0.02em; color: #424242;\\\">Email<br \/><a href=\\\"http:\/\/info@coachingemocional.es\u2028\\\" target=\\\"_blank\\\" rel=\\\"noopener\\\">info@coachingemocional.es\u2028<\/a><\/span><br \/><span style=\\\"font-size: 16px; font-family: NeueMontreal-Regular; color: #424242;\\\"><span style=\\\"letter-spacing: 0.02em;\\\"><a href=\\\"http:\/\/fiona@coachingemocional.es\\\" target=\\\"_blank\\\" rel=\\\"noopener\\\">fiona@coachingemocional.es<\/a><br \/><br \/>Tel\u00e9phone<br \/><\/span><span style=\\\"letter-spacing: 0.02em;\\\"><a href=\\\"http:\/\/+34%20675 088 851\\\" target=\\\"_blank\\\" rel=\\\"noopener\\\">+34 675 088 851<\/a><br \/><br \/>Zona Opera<br \/>Madrid, Spain<br \/><br \/><\/span>Nous faisons aussi des s\u00e9ances <br \/>par t\u00e9l\u00e9phone ou par Skype.<br \/><\/span><\/p><p style=\\\"line-height: 1;\\\"><span style=\\\"font-family: NeueMontreal-Regular; font-size: 16px; color: #424242;\\\"><span style=\\\"letter-spacing: 0.02em;\\\"><br \/><br \/><br \/><\/span><\/span><br \/><br \/><br \/><br \/><\/p>\",\r\n      \"align\": \"top\",\r\n      \"row\": 0,\r\n      \"col\": 0,\r\n      \"colspan\": 12,\r\n      \"offsetx\": 0,\r\n      \"offsety\": 0,\r\n      \"spaceabove\": 0,\r\n      \"spacebelow\": 0,\r\n      \"yvel\": 1,\r\n      \"push\": 0,\r\n      \"relid\": 14\r\n    }\r\n  ]\r\n}","_links":{"self":[{"href":"https:\/\/coachingemocional.es\/fr\/wp-json\/wp\/v2\/pages\/120","targetHints":{"allow":["GET"]}}],"collection":[{"href":"https:\/\/coachingemocional.es\/fr\/wp-json\/wp\/v2\/pages"}],"about":[{"href":"https:\/\/coachingemocional.es\/fr\/wp-json\/wp\/v2\/types\/page"}],"author":[{"embeddable":true,"href":"https:\/\/coachingemocional.es\/fr\/wp-json\/wp\/v2\/users\/1"}],"replies":[{"embeddable":true,"href":"https:\/\/coachingemocional.es\/fr\/wp-json\/wp\/v2\/comments?post=120"}],"version-history":[{"count":0,"href":"https:\/\/coachingemocional.es\/fr\/wp-json\/wp\/v2\/pages\/120\/revisions"}],"wp:attachment":[{"href":"https:\/\/coachingemocional.es\/fr\/wp-json\/wp\/v2\/media?parent=120"}],"curies":[{"name":"wp","href":"https:\/\/api.w.org\/{rel}","templated":true}]}}