{"id":149,"date":"2020-06-28T22:27:06","date_gmt":"2020-06-24T23:52:42","guid":{"rendered":"https:\/\/coachingemocional.es\/como-2-2-3\/"},"modified":"2020-08-28T10:58:51","modified_gmt":"2020-08-28T08:58:51","slug":"coachingemocional","status":"publish","type":"page","link":"https:\/\/coachingemocional.es\/fr\/coachingemocional\/","title":{"rendered":"2 coaching emocional"},"content":{"rendered":"","protected":false},"excerpt":{"rendered":"","protected":false},"author":1,"featured_media":0,"parent":0,"menu_order":2,"comment_status":"closed","ping_status":"closed","template":"","meta":[],"class_list":["post-149","page","type-page","status-publish","hentry"],"grid":"{\r\n  \"colCount\": 12,\r\n  \"colGutter\": 1,\r\n  \"rowGutters\": [],\r\n  \"frameMargin\": 1,\r\n  \"topFrameMargin\": 0,\r\n  \"bottomFrameMargin\": 0,\r\n  \"rowAttrs\": [\r\n    {}\r\n  ],\r\n  \"bgColor\": null,\r\n  \"cont\": [\r\n    {\r\n      \"type\": \"text\",\r\n      \"cont\": \"<p class=\\\"p1\\\" style=\\\"line-height: 0.8;\\\"><span style=\\\"font-size: 19px; letter-spacing: 0.02em; font-family: NeueMontreal-Regular; color: #424242;\\\">Nous aidons nos clients \u00e0 \u00e9claircir leurs <span style=\\\"font-family: NeueMontreal-RegularItalic;\\\">objectifs<\/span> et \u00e0 <span style=\\\"font-family: NeueMontreal-RegularItalic;\\\">faire face aux d\u00e9fis<\/span> qui peuvent surgir au moment de les r\u00e9aliser.<\/span><\/p><p class=\\\"p1\\\" style=\\\"line-height: 0.8;\\\"><span style=\\\"font-size: 19px; letter-spacing: 0.02em; font-family: NeueMontreal-Regular; color: #424242;\\\">Le changement est une question de planification et d'action. Avoir <span style=\\\"font-family: NeueMontreal-RegularItalic;\\\">conscience<\/span> de ce qui nous motive, ouvrir le spectre des possibilit\u00e9s, et accepter le d\u00e9fi de d\u00e9couvrir et exp\u00e9rimenter d'autres sentiers.\u00a0<\/span><\/p><p class=\\\"p1\\\" style=\\\"line-height: 0.8;\\\"><span style=\\\"font-size: 19px; letter-spacing: 0.02em; font-family: NeueMontreal-Regular; color: #424242;\\\">Le <span style=\\\"font-family: NeueMontreal-RegularItalic;\\\">coaching \u00e9motionnel<\/span> vous pr\u00e9pare \u00e0 affronter, de fa\u00e7on sereine, le d\u00e9fi d'atteindre votre objectif.\u00a0<\/span><\/p><p class=\\\"p1\\\" style=\\\"line-height: 0.8;\\\"><span style=\\\"font-size: 19px; letter-spacing: 0.02em; font-family: NeueMontreal-Regular; color: #424242;\\\">Le <span style=\\\"font-family: NeueMontreal-RegularItalic;\\\">coaching \u00e9motionnel<\/span> vous aide \u00e0 identifier et \u00e0 canaliser les \u00e9motions inadaptatives pour que vous puissiez atteindre votre but de mani\u00e8re rapide et sereine.<\/span><\/p><p class=\\\"p1\\\" style=\\\"line-height: 0.8;\\\"><span style=\\\"font-size: 19px; letter-spacing: 0.02em; font-family: NeueMontreal-Regular; color: #424242;\\\">Nous naissons tous avec un <span style=\\\"font-family: NeueMontreal-RegularItalic;\\\">talent,<\/span> une combinaison de capacit\u00e9s qui nous d\u00e9finissent et<span class=\\\"Apple-converted-space\\\">\u00a0 <\/span>nous rendent uniques. <span style=\\\"font-family: NeueMontreal-RegularItalic;\\\">\u00catre<\/span> nous m\u00eames, vivre en coh\u00e9rence avec ce que nous sommes, est non seulement l'une des bases du bonheur, mais c'est aussi un cadeau pour notre environnement, notre profession, notre famille, notre communaut\u00e9, le monde\u2026<\/span><\/p><p class=\\\"p1\\\" style=\\\"line-height: 0.8;\\\"><span style=\\\"font-size: 19px; letter-spacing: 0.02em; font-family: NeueMontreal-Regular; color: #424242;\\\">Cependant, depuis notre plus tendre enfance, les exp\u00e9riences v\u00e9cues et les <span style=\\\"font-family: NeueMontreal-RegularItalic;\\\">conditionnements<\/span> de notre environnement font que, souvent, nous nous trouvons bien loin de ce que nous sommes r\u00e9ellement. Ou bien nous n'osons pas <span style=\\\"font-family: NeueMontreal-RegularItalic;\\\">communiquer<\/span> ou transformer en action ce que nous avons \u00e0 l'int\u00e9rieur; ou bien, m\u00eame si nous avons choisi un chemin ou nous connaissons bien notre objectif, nous nous voyons confront\u00e9s \u00e0 de nombreuses <span style=\\\"font-family: NeueMontreal-RegularItalic;\\\">adversit\u00e9s, tant internes qu\u2019externes:<\/span> ins\u00e9curit\u00e9, doutes, peurs, etc.<\/span><\/p><p class=\\\"p1\\\" style=\\\"line-height: 0.8;\\\"><span style=\\\"font-size: 19px; letter-spacing: 0.02em; font-family: NeueMontreal-Regular; color: #424242;\\\">Le <span style=\\\"font-family: NeueMontreal-RegularItalic;\\\">coaching \u00e9motionnel<\/span> a pour but de vous accompagner \u00e0 travers le voyage qui vous m\u00e8ne de l\u00e0 o\u00f9 vous <span style=\\\"font-family: NeueMontreal-RegularItalic;\\\">\u00cates<\/span> \u00e0 l\u2019instant pr\u00e9sent \u00e0 l\u2019endroit o\u00f9 vous <span style=\\\"font-family: NeueMontreal-RegularItalic;\\\">d\u00e9sirez \u00catre<\/span> r\u00e9ellement.\u00a0<\/span><\/p><p class=\\\"p1\\\" style=\\\"line-height: 0.8;\\\"><span style=\\\"color: #424242;\\\"><span style=\\\"font-size: 19px; letter-spacing: 0.02em; font-family: NeueMontreal-Regular;\\\">Le coaching \u00e9motionnel se concentre avant tout sur l\u2019acquisition de ressources de la part du client: acqu\u00e9rir la conscience de nos talents, de nos valeurs et de nos aptitudes personnelles. Une fois le contact repris avec ce que \\\"marche\\\", ce qui est solide en nous, le processus se dirige plus directement vers la r\u00e9alisation d'un objectif concret. Dans son voyage vers l\u2019objectif, le coaching \u00e9motionnel se concentre sur deux \u00e9l\u00e9ments:<br \/><\/span><span style=\\\"font-size: 19px; letter-spacing: 0.02em; font-family: NeueMontreal-Regular;\\\">\u2014D'un c\u00f4t\u00e9 sur la <span style=\\\"font-family: NeueMontreal-RegularItalic;\\\">motivation:<\/span> Quels sont les gains? Pourquoi voulons-nous atteindre<span class=\\\"Apple-converted-space\\\">\u00a0<\/span>l\u2019objectif? Quel sens cela aura-t-il dans notre vie? Quelles sont nos valeurs les plus ch\u00e8res impliqu\u00e9es dans l\u2019objectif \u00e0 atteindre?<br \/><\/span><span style=\\\"font-size: 19px; letter-spacing: 0.02em; font-family: NeueMontreal-Regular;\\\">\u2014Et d'un autre c\u00f4t\u00e9 sur <span style=\\\"font-family: NeueMontreal-RegularItalic;\\\">l\u2019assainissement<\/span> du chemin qui porte vers le but. L\u2019assainir des \u00e9motions inadaptatives, des doutes r\u00e9curents, de l'ins\u00e9curit\u00e9, des peurs, des sensations de vertige et des croyances limitatives.<\/span><\/span><\/p><p class=\\\"p1\\\" style=\\\"line-height: 0.8;\\\"><span style=\\\"color: #424242;\\\"><span style=\\\"font-size: 19px; letter-spacing: 0.02em; font-family: NeueMontreal-RegularItalic;\\\"><span style=\\\"font-family: NeueMontreal-Regular; font-size: 12px;\\\">Quel r\u00f4le jouent les \u00e9motions?<\/span><br \/><\/span><span style=\\\"font-size: 19px; letter-spacing: 0.02em; font-family: NeueMontreal-Regular;\\\">D'un c\u00f4t\u00e9, les \u00e9motions nous servent de guide pendant les s\u00e9ances; nous apprenons ainsi \u00e0 les reconna\u00eetre et \u00e0 identifier leur message, en profitant au maximum de notre intelligence \u00e9motionnelle.<\/span><\/span><\/p><p class=\\\"p3\\\" style=\\\"line-height: 0.8;\\\"><span style=\\\"font-size: 19px; letter-spacing: 0.02em; font-family: NeueMontreal-Regular; color: #424242;\\\">D'un autre c\u00f4t\u00e9, nous apprenons \u00e0 faire face, \u00e0 contrecarrer ou bien \u00e0 \u00e9liminer les r\u00e9actions automatiques qui agissent en vue de notre survie, mais qui n\u2019ont plus d\u2019utilit\u00e9 au moment o\u00f9 nous cherchons \u00e0 atteindre un nouvel objectif.<\/span><\/p>\",\r\n      \"align\": \"top\",\r\n      \"row\": 0,\r\n      \"col\": 9,\r\n      \"colspan\": 3,\r\n      \"offsetx\": 0,\r\n      \"offsety\": 0,\r\n      \"spaceabove\": 1,\r\n      \"spacebelow\": 7.2,\r\n      \"yvel\": 1,\r\n      \"push\": 9,\r\n      \"relid\": 13,\r\n      \"frameOverflow\": \"\"\r\n    }\r\n  ]\r\n}","phonegrid":"{\r\n  \"colCount\": 12,\r\n  \"colGutter\": 1,\r\n  \"rowGutters\": [\r\n    20,\r\n    40\r\n  ],\r\n  \"frameMargin\": 3,\r\n  \"topFrameMargin\": 1.5,\r\n  \"bottomFrameMargin\": 3,\r\n  \"rowAttrs\": [\r\n    {},\r\n    {},\r\n    {}\r\n  ],\r\n  \"bgColor\": null,\r\n  \"cont\": [\r\n    {\r\n      \"type\": \"text\",\r\n      \"cont\": \"<p class=\\\"p1\\\"><span class=\\\"s1\\\" style=\\\"font-family: NeueMontreal-Regular; color: #424242; letter-spacing: 0.02em;\\\"><span style=\\\"font-size: 26px;\\\">qu'est-ce<\/span> <\/span><\/p>\",\r\n      \"align\": \"top\",\r\n      \"row\": 0,\r\n      \"col\": 0,\r\n      \"colspan\": 12,\r\n      \"offsetx\": 0,\r\n      \"offsety\": 0,\r\n      \"spaceabove\": 0,\r\n      \"spacebelow\": 0,\r\n      \"yvel\": 1,\r\n      \"push\": 0,\r\n      \"relid\": 15\r\n    },\r\n    {\r\n      \"type\": \"text\",\r\n      \"cont\": \"<p class=\\\"p1\\\" style=\\\"line-height: 1;\\\"><span style=\\\"font-size: 16px; letter-spacing: 0.02em; font-family: NeueMontreal-Regular; color: #424242;\\\">Nous aidons nos clients \u00e0 \u00e9claircir leurs <span style=\\\"font-family: NeueMontreal-RegularItalic;\\\">objectifs<\/span> et \u00e0 <span style=\\\"font-family: NeueMontreal-RegularItalic;\\\">faire face aux d\u00e9fis<\/span> qui peuvent surgir au moment de les r\u00e9aliser.<\/span><\/p><p class=\\\"p1\\\" style=\\\"line-height: 1;\\\"><span style=\\\"font-size: 16px; letter-spacing: 0.02em; font-family: NeueMontreal-Regular; color: #424242;\\\">Le changement est une question de planification et d'action. Avoir <span style=\\\"font-family: NeueMontreal-RegularItalic;\\\">conscience<\/span> de ce qui nous motive, ouvrir le spectre des possibilit\u00e9s, et accepter le d\u00e9fi de d\u00e9couvrir et exp\u00e9rimenter d'autres sentiers.\u00a0<\/span><\/p><p class=\\\"p1\\\" style=\\\"line-height: 1;\\\"><span style=\\\"font-size: 16px; letter-spacing: 0.02em; font-family: NeueMontreal-Regular; color: #424242;\\\">Le <span style=\\\"font-family: NeueMontreal-RegularItalic;\\\">coaching \u00e9motionnel<\/span> vous pr\u00e9pare \u00e0 affronter, de fa\u00e7on sereine, le d\u00e9fi d'atteindre votre objectif.\u00a0<\/span><\/p><p class=\\\"p1\\\" style=\\\"line-height: 1;\\\"><span style=\\\"font-size: 16px; letter-spacing: 0.02em; font-family: NeueMontreal-Regular; color: #424242;\\\">Le <span style=\\\"font-family: NeueMontreal-RegularItalic;\\\">coaching \u00e9motionnel<\/span> vous aide \u00e0 identifier et \u00e0 canaliser les \u00e9motions inadaptatives pour que vous puissiez atteindre votre but de mani\u00e8re rapide et sereine.<\/span><\/p><p class=\\\"p1\\\" style=\\\"line-height: 1;\\\"><span style=\\\"font-size: 16px; letter-spacing: 0.02em; font-family: NeueMontreal-Regular; color: #424242;\\\">Nous naissons tous avec un <span style=\\\"font-family: NeueMontreal-RegularItalic;\\\">talent,<\/span> une combinaison de capacit\u00e9s qui nous d\u00e9finissent et<span class=\\\"Apple-converted-space\\\">\u00a0 <\/span>nous rendent uniques. <span style=\\\"font-family: NeueMontreal-RegularItalic;\\\">\u00catre<\/span> nous m\u00eames, vivre en coh\u00e9rence avec ce que nous sommes, est non seulement l'une des bases du bonheur, mais c'est aussi un cadeau pour notre environnement, notre profession, notre famille, notre communaut\u00e9, le monde\u2026<\/span><\/p><p class=\\\"p1\\\" style=\\\"line-height: 1;\\\"><span style=\\\"font-size: 16px; letter-spacing: 0.02em; font-family: NeueMontreal-Regular; color: #424242;\\\">Cependant, depuis notre plus tendre enfance, les exp\u00e9riences v\u00e9cues et les <span style=\\\"font-family: NeueMontreal-RegularItalic;\\\">conditionnements<\/span> de notre environnement font que, souvent, nous nous trouvons bien loin de ce que nous sommes r\u00e9ellement. Ou bien nous n'osons pas <span style=\\\"font-family: NeueMontreal-RegularItalic;\\\">communiquer<\/span> ou transformer en action ce que nous avons \u00e0 l'int\u00e9rieur; ou bien, m\u00eame si nous avons choisi un chemin ou nous connaissons bien notre objectif, nous nous voyons confront\u00e9s \u00e0 de nombreuses <span style=\\\"font-family: NeueMontreal-RegularItalic;\\\">adversit\u00e9s, tant internes qu\u2019externes:<\/span> ins\u00e9curit\u00e9, doutes, peurs, etc.<\/span><\/p><p class=\\\"p1\\\" style=\\\"line-height: 1;\\\"><span style=\\\"font-size: 16px; letter-spacing: 0.02em; font-family: NeueMontreal-Regular; color: #424242;\\\">Le <span style=\\\"font-family: NeueMontreal-RegularItalic;\\\">coaching \u00e9motionnel<\/span> a pour but de vous accompagner \u00e0 travers le voyage qui vous m\u00e8ne de l\u00e0 o\u00f9 vous <span style=\\\"font-family: NeueMontreal-RegularItalic;\\\">\u00cates<\/span> \u00e0 l\u2019instant pr\u00e9sent \u00e0 l\u2019endroit o\u00f9 vous <span style=\\\"font-family: NeueMontreal-RegularItalic;\\\">d\u00e9sirez \u00catre<\/span> r\u00e9ellement.\u00a0<\/span><\/p><p class=\\\"p1\\\" style=\\\"line-height: 1;\\\"><span style=\\\"color: #424242; font-size: 16px;\\\"><span style=\\\"letter-spacing: 0.02em; font-family: NeueMontreal-Regular;\\\">Le coaching \u00e9motionnel se concentre avant tout sur l\u2019acquisition de ressources de la part du client: acqu\u00e9rir la conscience de nos talents, de nos valeurs et de nos aptitudes personnelles. Une fois le contact repris avec ce que \\\"marche\\\", ce qui est solide en nous, le processus se dirige plus directement vers la r\u00e9alisation d'un objectif concret. <br \/><br \/>Dans son voyage vers l\u2019objectif, le coaching \u00e9motionnel se concentre sur deux \u00e9l\u00e9ments:<br \/><br \/><\/span><span style=\\\"letter-spacing: 0.02em; font-family: NeueMontreal-Regular;\\\">1. D'un c\u00f4t\u00e9 sur la <span style=\\\"font-family: NeueMontreal-RegularItalic;\\\">motivation:<\/span> Quels sont les gains? Pourquoi voulons-nous atteindre l\u2019objectif? Quel sens cela aura-t-il dans notre vie? Quelles sont nos valeurs les plus ch\u00e8res impliqu\u00e9es dans l\u2019objectif \u00e0 atteindre?<br \/><br \/><\/span><span style=\\\"letter-spacing: 0.02em; font-family: NeueMontreal-Regular;\\\">2. Et d'un autre c\u00f4t\u00e9 sur <span style=\\\"font-family: NeueMontreal-RegularItalic;\\\">l\u2019assainissement<\/span> du chemin qui porte vers le but. L\u2019assainir des \u00e9motions inadaptatives, des doutes r\u00e9curents, de l'ins\u00e9curit\u00e9, des peurs, des sensations de vertige et des croyances limitatives.<\/span><\/span><\/p><p class=\\\"p1\\\" style=\\\"line-height: 1;\\\"><span style=\\\"color: #424242; font-size: 16px;\\\"><span style=\\\"letter-spacing: 0.02em; font-family: NeueMontreal-RegularItalic;\\\">Quel r\u00f4le jouent les \u00e9motions?<br \/><\/span><span style=\\\"letter-spacing: 0.02em; font-family: NeueMontreal-Regular;\\\">\u2014D'un c\u00f4t\u00e9, les \u00e9motions nous servent de guide pendant les s\u00e9ances; nous apprenons ainsi \u00e0 les reconna\u00eetre et \u00e0 identifier leur message, en profitant au maximum de notre intelligence \u00e9motionnelle.<br \/><\/span><\/span><span style=\\\"font-size: 16px; letter-spacing: 0.02em; font-family: NeueMontreal-Regular; color: #424242;\\\">\u2014D'un autre c\u00f4t\u00e9, nous apprenons \u00e0 faire face, \u00e0 contrecarrer ou bien \u00e0 \u00e9liminer les r\u00e9actions automatiques qui agissent en vue de notre survie, mais qui n\u2019ont plus d\u2019utilit\u00e9 au moment o\u00f9 nous cherchons \u00e0 atteindre un nouvel objectif.<\/span><\/p>\",\r\n      \"align\": \"top\",\r\n      \"row\": 1,\r\n      \"col\": 0,\r\n      \"colspan\": 12,\r\n      \"offsetx\": 0,\r\n      \"offsety\": 0,\r\n      \"spaceabove\": 0,\r\n      \"spacebelow\": 0,\r\n      \"yvel\": 1,\r\n      \"push\": 0,\r\n      \"relid\": 14,\r\n      \"frameOverflow\": \"\"\r\n    },\r\n    {\r\n      \"type\": \"text\",\r\n      \"cont\": \"<p class=\\\"p1\\\" style=\\\"line-height: 1;\\\"><span style=\\\"font-family: NeueMontreal-Regular; color: #424242;\\\"><span style=\\\"font-family: NeueMontreal-Regular;\\\"><span style=\\\"letter-spacing: 0.32px;\\\">\u2191 Haut de page<\/span><\/span><\/span><\/p>\",\r\n      \"align\": \"top\",\r\n      \"row\": 2,\r\n      \"col\": 0,\r\n      \"colspan\": 12,\r\n      \"offsetx\": 0,\r\n      \"offsety\": 0,\r\n      \"spaceabove\": 0,\r\n      \"spacebelow\": 0,\r\n      \"yvel\": 1,\r\n      \"push\": 0,\r\n      \"relid\": 16,\r\n      \"isscrolltotop\": true\r\n    }\r\n  ]\r\n}","_links":{"self":[{"href":"https:\/\/coachingemocional.es\/fr\/wp-json\/wp\/v2\/pages\/149","targetHints":{"allow":["GET"]}}],"collection":[{"href":"https:\/\/coachingemocional.es\/fr\/wp-json\/wp\/v2\/pages"}],"about":[{"href":"https:\/\/coachingemocional.es\/fr\/wp-json\/wp\/v2\/types\/page"}],"author":[{"embeddable":true,"href":"https:\/\/coachingemocional.es\/fr\/wp-json\/wp\/v2\/users\/1"}],"replies":[{"embeddable":true,"href":"https:\/\/coachingemocional.es\/fr\/wp-json\/wp\/v2\/comments?post=149"}],"version-history":[{"count":0,"href":"https:\/\/coachingemocional.es\/fr\/wp-json\/wp\/v2\/pages\/149\/revisions"}],"wp:attachment":[{"href":"https:\/\/coachingemocional.es\/fr\/wp-json\/wp\/v2\/media?parent=149"}],"curies":[{"name":"wp","href":"https:\/\/api.w.org\/{rel}","templated":true}]}}