{"id":35,"date":"2016-08-29T01:55:34","date_gmt":"2016-08-28T23:55:34","guid":{"rendered":"https:\/\/coachingemocional.es\/?page_id=35"},"modified":"2016-08-29T01:55:34","modified_gmt":"2016-08-28T23:55:34","slug":"nuestra-vision","status":"publish","type":"page","link":"https:\/\/coachingemocional.es\/fr\/nuestra-vision\/","title":{"rendered":"Nuestra visi\u00f3n"},"content":{"rendered":"<p>[vc_row][vc_column][vc_column_text]<strong>Talento<\/strong>:<br \/>\nEn Coaching emocional creemos que todos tenemos talento, y que nuestro deber es encontrarlo y mostr\u00e1rselo al mundo.<br \/>\nSer nosotros mismos, y desplegar nuestras capacidades es una de las bases fundamentales de la felicidad.<\/p>\n<p><strong>Cambio<\/strong>:<br \/>\nEl cambio es posible, es cuesti\u00f3n de confianza y aprendizaje.<\/p>\n<p><strong>Emociones<\/strong>:<br \/>\nLas emociones son una gu\u00eda interna. Comprenderlas y gestionarlas es cuesti\u00f3n de pr\u00e1ctica.<\/p>\n<p><strong>Individuo<\/strong>:<br \/>\nEl individuo tiene todos los recursos necesarios para alcanzar lo que se proponga.<br \/>\nToda persona sana sabe lo que es mejor para ella.<\/p>\n<p><strong>Resultados<\/strong>:<br \/>\nLos fracasos no existen, existen resultados inesperados. Para cambiar el resultado, hay que cambiar la acci\u00f3n.<\/p>\n<p><strong>Nuestro objetivo<\/strong>:<br \/>\nContribuir al desarrollo de la persona con escucha, respeto, delicadeza, entusiasmo, confidencialidad y transparencia.<\/p>\n<p><strong>Nuestra especialidad<\/strong>:<br \/>\nSomos especialistas del cambio y expertos en talento personal, creatividad y emociones.<br \/>\n[\/vc_column_text][\/vc_column][\/vc_row]<\/p>\n","protected":false},"excerpt":{"rendered":"<p>[vc_row][vc_column][vc_column_text]Talento: En Coaching emocional creemos que todos tenemos talento, y que nuestro deber es encontrarlo y mostr\u00e1rselo al mundo. Ser nosotros mismos, y desplegar nuestras capacidades es una de las bases fundamentales de la felicidad. Cambio: El cambio es posible, es cuesti\u00f3n de confianza y aprendizaje. Emociones: Las emociones son una gu\u00eda interna. Comprenderlas y [&hellip;]<\/p>\n","protected":false},"author":1,"featured_media":0,"parent":0,"menu_order":15,"comment_status":"closed","ping_status":"closed","template":"","meta":[],"class_list":["post-35","page","type-page","status-publish","hentry"],"grid":"","phonegrid":"","_links":{"self":[{"href":"https:\/\/coachingemocional.es\/fr\/wp-json\/wp\/v2\/pages\/35","targetHints":{"allow":["GET"]}}],"collection":[{"href":"https:\/\/coachingemocional.es\/fr\/wp-json\/wp\/v2\/pages"}],"about":[{"href":"https:\/\/coachingemocional.es\/fr\/wp-json\/wp\/v2\/types\/page"}],"author":[{"embeddable":true,"href":"https:\/\/coachingemocional.es\/fr\/wp-json\/wp\/v2\/users\/1"}],"replies":[{"embeddable":true,"href":"https:\/\/coachingemocional.es\/fr\/wp-json\/wp\/v2\/comments?post=35"}],"version-history":[{"count":0,"href":"https:\/\/coachingemocional.es\/fr\/wp-json\/wp\/v2\/pages\/35\/revisions"}],"wp:attachment":[{"href":"https:\/\/coachingemocional.es\/fr\/wp-json\/wp\/v2\/media?parent=35"}],"curies":[{"name":"wp","href":"https:\/\/api.w.org\/{rel}","templated":true}]}}