{"id":78,"date":"2020-06-25T01:52:42","date_gmt":"2020-06-24T23:52:42","guid":{"rendered":"https:\/\/coachingemocional.es\/?page_id=78"},"modified":"2020-08-28T18:02:28","modified_gmt":"2020-08-28T16:02:28","slug":"como","status":"publish","type":"page","link":"https:\/\/coachingemocional.es\/fr\/como\/","title":{"rendered":"2 Como"},"content":{"rendered":"","protected":false},"excerpt":{"rendered":"","protected":false},"author":1,"featured_media":0,"parent":0,"menu_order":11,"comment_status":"closed","ping_status":"closed","template":"","meta":[],"class_list":["post-78","page","type-page","status-publish","hentry"],"grid":"{\r\n  \"colCount\": 12,\r\n  \"colGutter\": 1,\r\n  \"rowGutters\": [\r\n    3\r\n  ],\r\n  \"frameMargin\": 1,\r\n  \"topFrameMargin\": 0,\r\n  \"bottomFrameMargin\": 0,\r\n  \"rowAttrs\": [\r\n    {},\r\n    {}\r\n  ],\r\n  \"bgColor\": null,\r\n  \"cont\": [\r\n    {\r\n      \"type\": \"text\",\r\n      \"cont\": \"<p class=\\\"p1\\\" style=\\\"line-height: 0.8;\\\"><span style=\\\"font-size: 19px; font-family: NeueMontreal-Regular; letter-spacing: 0.02em; color: #424242;\\\">Pendant les s\u00e9ances, et \u00e0 travers le dialogue, \u00e0 travers des questions, des exercices, et gr\u00e2ce \u00e0 la Programmation Neuro-linguistique, le coach aide le client \u00e0 r\u00e9fl\u00e9chir, et \u00e0 devenir conscient de son potentiel et de sa motivation au changement et \u00e0 l'action.<\/span><\/p><p class=\\\"p1\\\" style=\\\"line-height: 0.8;\\\"><span style=\\\"font-size: 19px; font-family: NeueMontreal-Regular; letter-spacing: 0.02em; color: #424242;\\\">Le r\u00f4le du coach est de cr\u00e9er un espace de confiance, o\u00f9 le client peut s\u2019exprimer librement et exp\u00e9rimenter de nouvelles id\u00e9es et attitudes en toute franchise.<\/span><\/p><p class=\\\"p1\\\" style=\\\"line-height: 0.8;\\\"><span style=\\\"font-size: 19px; font-family: NeueMontreal-Regular; letter-spacing: 0.02em; color: #424242;\\\">Un par un, les obstacles se transforment en opportunit\u00e9s, pour obtenir un d\u00e9veloppement personnel durable dans le temps. Dans la plupart des cas, le processus de coaching permet au client d'acqu\u00e9rir une m\u00e9thode d'auto-observation et d\u2019apprentissage que la personne incorpore \u00e0 sa vie de fa\u00e7on d\u00e9finitive.<\/span><\/p><p class=\\\"p1\\\" style=\\\"line-height: 0.8;\\\"><span style=\\\"font-size: 19px; font-family: NeueMontreal-Regular; letter-spacing: 0.02em; color: #424242;\\\">Un processus de coaching dure en moyenne entre 3 et 10 s\u00e9ances, quelques fois plus, \u00e9tant donn\u00e9 que le processus s'adapte aux n\u00e9cessit\u00e9s du client.<\/span><\/p><p class=\\\"p1\\\" style=\\\"line-height: 0.8;\\\"><span style=\\\"font-size: 19px; font-family: NeueMontreal-Regular; letter-spacing: 0.02em; color: #424242;\\\">D\u2019habitude, les s\u00e9ances ont lieu de fa\u00e7on chaque 10 jours, surtout au commencement du processus, (chaque 15 jours ou 1 fois\/mois plus tard), et durent entre 90 et 120 minutes.<\/span><\/p><p class=\\\"p1\\\" style=\\\"line-height: 0.8;\\\"><span style=\\\"font-size: 19px; font-family: NeueMontreal-Regular; letter-spacing: 0.02em; color: #424242;\\\">Trois mots cl\u00e9: <span style=\\\"font-family: NeueMontreal-RegularItalic;\\\">Conscience, Confiance, et Responsabilit\u00e9.<\/span><\/span><\/p><p class=\\\"p3\\\" style=\\\"line-height: 0.8;\\\"><span style=\\\"color: #424242; font-family: NeueMontreal-Regular;\\\"><span style=\\\"font-size: 19px; letter-spacing: 0.02em;\\\"><span style=\\\"font-size: 12px;\\\">Conscience<\/span><br \/><\/span><span style=\\\"font-size: 19px; letter-spacing: 0.02em;\\\">Prendre conscience de ce que nous voulons, et pourquoi nous le voulons <\/span><span style=\\\"font-size: 19px; letter-spacing: 0.02em;\\\">conscience de nos talents, de nos ressources <\/span><span style=\\\"font-size: 19px; letter-spacing: 0.02em;\\\">conscience du chemin \u00e0 parcourir<span class=\\\"Apple-converted-space\\\">\u00a0 <\/span>pour atteindre notre but <\/span><span style=\\\"font-size: 19px; letter-spacing: 0.02em;\\\">conscience des d\u00e9fis possibles en vue d\u2019atteindre notre objectif.<\/span><\/span><\/p><p class=\\\"p3\\\" style=\\\"line-height: 0.8;\\\"><span style=\\\"color: #424242; font-family: NeueMontreal-Regular;\\\"><span style=\\\"font-size: 19px; letter-spacing: 0.02em;\\\"><span style=\\\"font-size: 12px;\\\">Confiance<\/span><br \/><\/span><span style=\\\"font-size: 19px; letter-spacing: 0.02em;\\\">Confiance en nos capacit\u00e9s, en l\u2019importance de les d\u00e9velopper. <\/span><span style=\\\"font-size: 19px; letter-spacing: 0.02em;\\\">Confiance en notre crit\u00e8re et en nos valeurs. <\/span><span style=\\\"font-size: 19px; letter-spacing: 0.02em;\\\">Croyance en la possibilit\u00e9 de r\u00e9aliser notre objectif.<\/span><\/span><\/p><p class=\\\"p3\\\" style=\\\"line-height: 0.8;\\\"><span style=\\\"color: #424242; font-family: NeueMontreal-Regular;\\\"><span style=\\\"font-size: 19px; letter-spacing: 0.02em;\\\"><span style=\\\"font-size: 12px;\\\">Responsabilit\u00e9<\/span><br \/><\/span><span style=\\\"font-size: 19px; letter-spacing: 0.02em;\\\">Devenir responsables et prendre l\u2019engagement du changement, en acceptant le d\u00e9fi de transformer nos id\u00e9es en action entre s\u00e9ance et s\u00e9ance.<\/span><\/span><\/p><p class=\\\"p1\\\" style=\\\"line-height: 0.8;\\\"><span style=\\\"color: #424242; font-family: NeueMontreal-Regular;\\\"><span style=\\\"font-size: 19px; letter-spacing: 0.02em;\\\"><span style=\\\"font-size: 12px;\\\">Coaching Face \u00e0 Face \u2013 ou par Video-Conf\u00e9rence<\/span><br \/><\/span><span style=\\\"font-size: 19px; letter-spacing: 0.02em;\\\">Les s\u00e9ances ont lieu soit en face \u00e0 face, ou bien par vid\u00e9o-conf\u00e9rence (Zoom ou Skype). Entre chaque s\u00e9ance, le client a la possibilit\u00e9 de poser des questions, exposer des doutes ou bien partager ses succ\u00e8s ou les r\u00e9sultats inattendus \u00e0 travers l\u2019e-mail, sans devoir attendre la s\u00e9ance suivante.<\/span><\/span><\/p><p class=\\\"p1\\\" style=\\\"line-height: 0.8;\\\"><span style=\\\"color: #424242; font-family: NeueMontreal-Regular;\\\"><span style=\\\"font-size: 19px; letter-spacing: 0.02em;\\\"><span style=\\\"font-size: 12px;\\\">Les Diff\u00e9rents Outils du Coaching Emotionnel<\/span><br \/><\/span><span style=\\\"font-size: 19px; letter-spacing: 0.02em;\\\">Le coaching \u00e9motionnel utilise diff\u00e9rents outils pour s\u2019adapter le mieux possible aux circonstances des clients: la Programmation Neuro-linguistique (PNL), le dialogue ericksonien et la th\u00e9rapie cranienne.\u00a0<\/span><\/span><\/p><p class=\\\"p1\\\" style=\\\"line-height: 0.8;\\\"><span style=\\\"font-size: 19px; font-family: NeueMontreal-Regular; letter-spacing: 0.02em; color: #424242;\\\">La Programmation Neuro-linguistique (PNL) permet d\u2019am\u00e9liorer la qualit\u00e9 de la communication entre le coach et son client, mais c\u2019est aussi un outil de transformation, \u00e0 travers l'analyse du langage (M\u00e9ta Mod\u00e8le) et l'observation des syst\u00e8mes et des processus que le client utilise pour aprehender la r\u00e9alit\u00e9, se motiver ou bien passer \u00e0 l'action. D\u00e8s que le client prend conscience de ces processus, il peut les modifier, ce qui entra\u00eene un changement \u00e0 l\u2019int\u00e9rieur de son propre syst\u00e8me de croyances, sa motivation et les habitudes qu'il a d\u00e9cid\u00e9 de transformer.<\/span><\/p>\",\r\n      \"align\": \"top\",\r\n      \"row\": 0,\r\n      \"col\": 9,\r\n      \"colspan\": 3,\r\n      \"offsetx\": 0,\r\n      \"offsety\": 0,\r\n      \"spaceabove\": 1,\r\n      \"spacebelow\": 0,\r\n      \"yvel\": 1,\r\n      \"push\": 9,\r\n      \"relid\": 13,\r\n      \"frameOverflow\": \"\"\r\n    },\r\n    {\r\n      \"type\": \"text\",\r\n      \"cont\": \"<p class=\\\"p1\\\" style=\\\"line-height: 0.8;\\\"><span style=\\\"font-size: 19px; font-family: NeueMontreal-Regular; letter-spacing: 0.02em; color: #424242;\\\">Pendant les s\u00e9ances, et \u00e0 travers le dialogue, \u00e0 travers des questions, des exercices, et gr\u00e2ce \u00e0 la Programmation Neuro-linguistique, le coach aide le client \u00e0 r\u00e9fl\u00e9chir, et \u00e0 devenir conscient de son potentiel et de sa motivation au changement et \u00e0 l'action.<\/span><\/p><p class=\\\"p1\\\" style=\\\"line-height: 0.8;\\\"><span style=\\\"font-size: 19px; font-family: NeueMontreal-Regular; letter-spacing: 0.02em; color: #424242;\\\">Le r\u00f4le du coach est de cr\u00e9er un espace de confiance, o\u00f9 le client peut s\u2019exprimer librement et exp\u00e9rimenter de nouvelles id\u00e9es et attitudes en toute franchise.<\/span><\/p><p class=\\\"p1\\\" style=\\\"line-height: 0.8;\\\"><span style=\\\"font-size: 19px; font-family: NeueMontreal-Regular; letter-spacing: 0.02em; color: #424242;\\\">Un par un, les obstacles se transforment en opportunit\u00e9s, pour obtenir un d\u00e9veloppement personnel durable dans le temps. Dans la plupart des cas, le processus de coaching permet au client d'acqu\u00e9rir une m\u00e9thode d'auto-observation et d\u2019apprentissage que la personne incorpore \u00e0 sa vie de fa\u00e7on d\u00e9finitive.<\/span><\/p><p class=\\\"p1\\\" style=\\\"line-height: 0.8;\\\"><span style=\\\"font-size: 19px; font-family: NeueMontreal-Regular; letter-spacing: 0.02em; color: #424242;\\\">Un processus de coaching dure en moyenne entre 3 et 10 s\u00e9ances, quelques fois plus, \u00e9tant donn\u00e9 que le processus s'adapte aux n\u00e9cessit\u00e9s du client.<\/span><\/p><p class=\\\"p1\\\" style=\\\"line-height: 0.8;\\\"><span style=\\\"font-size: 19px; font-family: NeueMontreal-Regular; letter-spacing: 0.02em; color: #424242;\\\">D\u2019habitude, les s\u00e9ances ont lieu de fa\u00e7on chaque 10 jours, surtout au commencement du processus, (chaque 15 jours ou 1 fois\/mois plus tard), et durent entre 90 et 120 minutes.<\/span><\/p><p class=\\\"p1\\\" style=\\\"line-height: 0.8;\\\"><span style=\\\"font-size: 19px; font-family: NeueMontreal-Regular; letter-spacing: 0.02em; color: #424242;\\\">Trois mots cl\u00e9: <span style=\\\"font-family: NeueMontreal-RegularItalic;\\\">Conscience, Confiance, et Responsabilit\u00e9.<\/span><\/span><\/p><p class=\\\"p3\\\" style=\\\"line-height: 0.8;\\\"><span style=\\\"color: #424242;\\\"><span style=\\\"font-size: 19px; font-family: NeueMontreal-Regular; letter-spacing: 0.02em;\\\"><span style=\\\"font-family: NeueMontreal-RegularItalic;\\\">Conscience<\/span><br \/><\/span><span style=\\\"font-size: 19px; font-family: NeueMontreal-Regular; letter-spacing: 0.02em;\\\">Prendre conscience de ce que nous voulons, et pourquoi nous le voulons <\/span><span style=\\\"font-size: 19px; font-family: NeueMontreal-Regular; letter-spacing: 0.02em;\\\">conscience de nos talents, de nos ressources <\/span><span style=\\\"font-size: 19px; font-family: NeueMontreal-Regular; letter-spacing: 0.02em;\\\">conscience du chemin \u00e0 parcourir<span class=\\\"Apple-converted-space\\\">\u00a0 <\/span>pour atteindre notre but <\/span><span style=\\\"font-size: 19px; font-family: NeueMontreal-Regular; letter-spacing: 0.02em;\\\">conscience des d\u00e9fis possibles en vue d\u2019atteindre notre objectif.<\/span><\/span><\/p><p class=\\\"p3\\\" style=\\\"line-height: 0.8;\\\"><span style=\\\"color: #424242;\\\"><span style=\\\"font-size: 19px; font-family: NeueMontreal-Regular; letter-spacing: 0.02em;\\\"><span style=\\\"font-family: NeueMontreal-RegularItalic;\\\">Confiance<\/span><br \/><\/span><span style=\\\"font-size: 19px; font-family: NeueMontreal-Regular; letter-spacing: 0.02em;\\\">Confiance en nos capacit\u00e9s, en l\u2019importance de les d\u00e9velopper. <\/span><span style=\\\"font-size: 19px; font-family: NeueMontreal-Regular; letter-spacing: 0.02em;\\\">Confiance en notre crit\u00e8re et en nos valeurs. <\/span><span style=\\\"font-size: 19px; font-family: NeueMontreal-Regular; letter-spacing: 0.02em;\\\">Croyance en la possibilit\u00e9 de r\u00e9aliser notre objectif.<\/span><\/span><\/p><p class=\\\"p3\\\" style=\\\"line-height: 0.8;\\\"><span style=\\\"color: #424242;\\\"><span style=\\\"font-size: 19px; font-family: NeueMontreal-Regular; letter-spacing: 0.02em;\\\"><span style=\\\"font-family: NeueMontreal-RegularItalic;\\\">Responsabilit\u00e9<\/span><br \/><\/span><span style=\\\"font-size: 19px; font-family: NeueMontreal-Regular; letter-spacing: 0.02em;\\\">Devenir responsables et prendre l\u2019engagement du changement, en acceptant le d\u00e9fi de transformer nos id\u00e9es en action entre s\u00e9ance et s\u00e9ance.<\/span><\/span><\/p><p class=\\\"p1\\\" style=\\\"line-height: 0.8;\\\"><span style=\\\"color: #424242;\\\"><span style=\\\"font-size: 19px; font-family: NeueMontreal-Regular; letter-spacing: 0.02em;\\\"><span style=\\\"font-family: NeueMontreal-RegularItalic;\\\">Coaching Face \u00e0 face\u2013ou par Video-conf\u00e9rence<\/span><br \/><\/span><span style=\\\"font-size: 19px; font-family: NeueMontreal-Regular; letter-spacing: 0.02em;\\\">Les s\u00e9ances ont lieu soit en face \u00e0 face, ou bien par vid\u00e9o-conf\u00e9rence (Zoom ou Skype). Entre chaque s\u00e9ance, le client a la possibilit\u00e9 de poser des questions, exposer des doutes ou bien partager ses succ\u00e8s ou les r\u00e9sultats inattendus \u00e0 travers l\u2019e-mail, sans devoir attendre la s\u00e9ance suivante.<\/span><\/span><\/p><p class=\\\"p1\\\" style=\\\"line-height: 0.8;\\\"><span style=\\\"color: #424242;\\\"><span style=\\\"font-size: 19px; font-family: NeueMontreal-Regular; letter-spacing: 0.02em;\\\"><span style=\\\"font-family: NeueMontreal-RegularItalic;\\\">Les diff\u00e9rents outils du coaching emotionnel<\/span><br \/><\/span><span style=\\\"font-size: 19px; font-family: NeueMontreal-Regular; letter-spacing: 0.02em;\\\">Le coaching \u00e9motionnel utilise diff\u00e9rents outils pour s\u2019adapter le mieux possible aux circonstances des clients: la Programmation Neuro-linguistique (PNL), le dialogue ericksonien et la th\u00e9rapie cranienne.\u00a0<\/span><\/span><\/p><p class=\\\"p1\\\" style=\\\"line-height: 0.8;\\\"><span style=\\\"font-size: 19px; font-family: NeueMontreal-Regular; letter-spacing: 0.02em; color: #424242;\\\">La Programmation Neuro-linguistique (PNL) permet d\u2019am\u00e9liorer la qualit\u00e9 de la communication entre le coach et son client, mais c\u2019est aussi un outil de transformation, \u00e0 travers l'analyse du langage (M\u00e9ta Mod\u00e8le) et l'observation des syst\u00e8mes et des processus que le client utilise pour aprehender la r\u00e9alit\u00e9, se motiver ou bien passer \u00e0 l'action. D\u00e8s que le client prend conscience de ces processus, il peut les modifier, ce qui entra\u00eene un changement \u00e0 l\u2019int\u00e9rieur de son propre syst\u00e8me de croyances, sa motivation et les habitudes qu'il a d\u00e9cid\u00e9 de transformer.<\/span><\/p>\",\r\n      \"align\": \"top\",\r\n      \"row\": 1,\r\n      \"col\": 9,\r\n      \"colspan\": 3,\r\n      \"offsetx\": 0,\r\n      \"offsety\": 0,\r\n      \"spaceabove\": 0,\r\n      \"spacebelow\": 7.2,\r\n      \"yvel\": 1,\r\n      \"push\": 9,\r\n      \"relid\": 17,\r\n      \"frameOverflow\": \"\"\r\n    }\r\n  ]\r\n}","phonegrid":"{\r\n  \"colCount\": 4,\r\n  \"colGutter\": 1,\r\n  \"rowGutters\": [\r\n    20,\r\n    40\r\n  ],\r\n  \"frameMargin\": 3,\r\n  \"topFrameMargin\": 1.5,\r\n  \"bottomFrameMargin\": 3,\r\n  \"rowAttrs\": [\r\n    {},\r\n    {},\r\n    {}\r\n  ],\r\n  \"bgColor\": null,\r\n  \"cont\": [\r\n    {\r\n      \"type\": \"text\",\r\n      \"cont\": \"<p class=\\\"p1\\\"><span class=\\\"s1\\\" style=\\\"font-size: 26px; letter-spacing: 0.02em; font-family: NeueMontreal-Regular; color: #424242;\\\">comment \u00e7a marche<\/span><\/p>\",\r\n      \"align\": \"top\",\r\n      \"row\": 0,\r\n      \"col\": 0,\r\n      \"colspan\": 4,\r\n      \"offsetx\": 0,\r\n      \"offsety\": 0,\r\n      \"spaceabove\": 0,\r\n      \"spacebelow\": 0,\r\n      \"yvel\": 1,\r\n      \"push\": 0,\r\n      \"relid\": 15\r\n    },\r\n    {\r\n      \"type\": \"text\",\r\n      \"cont\": \"<p class=\\\"p1\\\" style=\\\"line-height: 1;\\\"><span style=\\\"font-size: 16px; font-family: NeueMontreal-Regular; letter-spacing: 0.02em; color: #424242;\\\">Pendant les s\u00e9ances, et \u00e0 travers le dialogue, \u00e0 travers des questions, des exercices, et gr\u00e2ce \u00e0 la Programmation Neuro-linguistique, le coach aide le client \u00e0 r\u00e9fl\u00e9chir, et \u00e0 devenir conscient de son potentiel et de sa motivation au changement et \u00e0 l'action.<\/span><\/p><p class=\\\"p1\\\" style=\\\"line-height: 1;\\\"><span style=\\\"font-size: 16px; font-family: NeueMontreal-Regular; letter-spacing: 0.02em; color: #424242;\\\">Le r\u00f4le du coach est de cr\u00e9er un espace de confiance, o\u00f9 le client peut s\u2019exprimer librement et exp\u00e9rimenter de nouvelles id\u00e9es et attitudes en toute franchise.<\/span><\/p><p class=\\\"p1\\\" style=\\\"line-height: 1;\\\"><span style=\\\"font-size: 16px; font-family: NeueMontreal-Regular; letter-spacing: 0.02em; color: #424242;\\\">Un par un, les obstacles se transforment en opportunit\u00e9s, pour obtenir un d\u00e9veloppement personnel durable dans le temps. Dans la plupart des cas, le processus de coaching permet au client d'acqu\u00e9rir une m\u00e9thode d'auto-observation et d\u2019apprentissage que la personne incorpore \u00e0 sa vie de fa\u00e7on d\u00e9finitive.<\/span><\/p><p class=\\\"p1\\\" style=\\\"line-height: 1;\\\"><span style=\\\"font-size: 16px; font-family: NeueMontreal-Regular; letter-spacing: 0.02em; color: #424242;\\\">Un processus de coaching dure en moyenne entre 3 et 10 s\u00e9ances, quelques fois plus, \u00e9tant donn\u00e9 que le processus s'adapte aux n\u00e9cessit\u00e9s du client.<\/span><\/p><p class=\\\"p1\\\" style=\\\"line-height: 1;\\\"><span style=\\\"font-size: 16px; font-family: NeueMontreal-Regular; letter-spacing: 0.02em; color: #424242;\\\">D\u2019habitude, les s\u00e9ances ont lieu de fa\u00e7on chaque 10 jours, surtout au commencement du processus, (chaque 15 jours ou 1 fois\/mois plus tard), et durent entre 90 et 120 minutes.<\/span><\/p><p class=\\\"p1\\\" style=\\\"line-height: 1;\\\"><span style=\\\"font-size: 16px; font-family: NeueMontreal-Regular; letter-spacing: 0.02em; color: #424242;\\\">Trois mots cl\u00e9: Conscience, Confiance, et Responsabilit\u00e9.<\/span><\/p><p class=\\\"p3\\\" style=\\\"line-height: 1;\\\"><span style=\\\"font-size: 16px; color: #424242;\\\"><span style=\\\"font-family: NeueMontreal-Regular; letter-spacing: 0.02em;\\\"><span style=\\\"font-family: NeueMontreal-RegularItalic;\\\">Conscience<\/span><br \/><\/span><span style=\\\"font-family: NeueMontreal-Regular; letter-spacing: 0.02em;\\\">Prendre conscience de ce que nous voulons, et pourquoi nous le voulons <\/span><span style=\\\"font-family: NeueMontreal-Regular; letter-spacing: 0.02em;\\\">conscience de nos talents, de nos ressources <\/span><span style=\\\"font-family: NeueMontreal-Regular; letter-spacing: 0.02em;\\\">conscience du chemin \u00e0 parcourir<span class=\\\"Apple-converted-space\\\">\u00a0 <\/span>pour atteindre notre but <\/span><span style=\\\"font-family: NeueMontreal-Regular; letter-spacing: 0.02em;\\\">conscience des d\u00e9fis possibles en vue d\u2019atteindre notre objectif.<\/span><\/span><\/p><p class=\\\"p3\\\" style=\\\"line-height: 1;\\\"><span style=\\\"font-size: 16px; color: #424242;\\\"><span style=\\\"font-family: NeueMontreal-Regular; letter-spacing: 0.02em;\\\"><span style=\\\"font-family: NeueMontreal-RegularItalic;\\\">Confiance<\/span><br \/><\/span><span style=\\\"font-family: NeueMontreal-Regular; letter-spacing: 0.02em;\\\">Confiance en nos capacit\u00e9s, en l\u2019importance de les d\u00e9velopper. <\/span><span style=\\\"font-family: NeueMontreal-Regular; letter-spacing: 0.02em;\\\">Confiance en notre crit\u00e8re et en nos valeurs. <\/span><span style=\\\"font-family: NeueMontreal-Regular; letter-spacing: 0.02em;\\\">Croyance en la possibilit\u00e9 de r\u00e9aliser notre objectif.<\/span><\/span><\/p><p class=\\\"p3\\\" style=\\\"line-height: 1;\\\"><span style=\\\"font-size: 16px; color: #424242;\\\"><span style=\\\"font-family: NeueMontreal-Regular; letter-spacing: 0.02em;\\\"><span style=\\\"font-family: NeueMontreal-RegularItalic;\\\">Responsabilit\u00e9<\/span><br \/><\/span><span style=\\\"font-family: NeueMontreal-Regular; letter-spacing: 0.02em;\\\">Devenir responsables et prendre l\u2019engagement du changement, en acceptant le d\u00e9fi de transformer nos id\u00e9es en action entre s\u00e9ance et s\u00e9ance.<\/span><\/span><\/p><p class=\\\"p1\\\" style=\\\"line-height: 1;\\\"><span style=\\\"font-size: 16px; color: #424242;\\\"><span style=\\\"font-family: NeueMontreal-Regular; letter-spacing: 0.02em;\\\"><span style=\\\"font-family: NeueMontreal-RegularItalic;\\\">Coaching Face \u00e0 face\u2013ou par Video-conf\u00e9rence<\/span><br \/><\/span><span style=\\\"font-family: NeueMontreal-Regular; letter-spacing: 0.02em;\\\">Les s\u00e9ances ont lieu soit en face \u00e0 face, ou bien par vid\u00e9o-conf\u00e9rence (Zoom ou Skype). Entre chaque s\u00e9ance, le client a la possibilit\u00e9 de poser des questions, exposer des doutes ou bien partager ses succ\u00e8s ou les r\u00e9sultats inattendus \u00e0 travers l\u2019e-mail, sans devoir attendre la s\u00e9ance suivante.<\/span><\/span><\/p><p class=\\\"p1\\\" style=\\\"line-height: 1;\\\"><span style=\\\"font-size: 16px; color: #424242;\\\"><span style=\\\"font-family: NeueMontreal-Regular; letter-spacing: 0.02em;\\\"><span style=\\\"font-family: NeueMontreal-RegularItalic;\\\">Les diff\u00e9rents outils du coaching emotionnel<\/span><br \/><\/span><span style=\\\"font-family: NeueMontreal-Regular; letter-spacing: 0.02em;\\\">Le coaching \u00e9motionnel utilise diff\u00e9rents outils pour s\u2019adapter le mieux possible aux circonstances des clients: la Programmation Neuro-linguistique (PNL), le dialogue ericksonien et la th\u00e9rapie cranienne.\u00a0<\/span><\/span><\/p><p class=\\\"p1\\\" style=\\\"line-height: 1;\\\"><span style=\\\"font-size: 16px; font-family: NeueMontreal-Regular; letter-spacing: 0.02em; color: #424242;\\\">La Programmation Neuro-linguistique (PNL) permet d\u2019am\u00e9liorer la qualit\u00e9 de la communication entre le coach et son client, mais c\u2019est aussi un outil de transformation, \u00e0 travers l'analyse du langage (M\u00e9ta Mod\u00e8le) et l'observation des syst\u00e8mes et des processus que le client utilise pour aprehender la r\u00e9alit\u00e9, se motiver ou bien passer \u00e0 l'action. D\u00e8s que le client prend conscience de ces processus, il peut les modifier, ce qui entra\u00eene un changement \u00e0 l\u2019int\u00e9rieur de son propre syst\u00e8me de croyances, sa motivation et les habitudes qu'il a d\u00e9cid\u00e9 de transformer.<\/span><\/p>\",\r\n      \"align\": \"middle\",\r\n      \"row\": 1,\r\n      \"col\": 0,\r\n      \"colspan\": 4,\r\n      \"offsetx\": 0,\r\n      \"offsety\": 0,\r\n      \"spaceabove\": 0,\r\n      \"spacebelow\": 0,\r\n      \"yvel\": 1,\r\n      \"push\": 0,\r\n      \"relid\": 14\r\n    },\r\n    {\r\n      \"type\": \"text\",\r\n      \"cont\": \"<p class=\\\"p1\\\" style=\\\"line-height: 1;\\\"><span style=\\\"font-family: NeueMontreal-Regular; color: #424242;\\\"><span style=\\\"font-family: NeueMontreal-Regular;\\\"><span style=\\\"letter-spacing: 0.32px;\\\">\u2191 Haut de page<\/span><\/span><\/span><\/p>\",\r\n      \"align\": \"top\",\r\n      \"row\": 2,\r\n      \"col\": 0,\r\n      \"colspan\": 4,\r\n      \"offsetx\": 0,\r\n      \"offsety\": 0,\r\n      \"spaceabove\": 0,\r\n      \"spacebelow\": 0,\r\n      \"yvel\": 1,\r\n      \"push\": 0,\r\n      \"relid\": 16,\r\n      \"isscrolltotop\": true\r\n    }\r\n  ]\r\n}","_links":{"self":[{"href":"https:\/\/coachingemocional.es\/fr\/wp-json\/wp\/v2\/pages\/78","targetHints":{"allow":["GET"]}}],"collection":[{"href":"https:\/\/coachingemocional.es\/fr\/wp-json\/wp\/v2\/pages"}],"about":[{"href":"https:\/\/coachingemocional.es\/fr\/wp-json\/wp\/v2\/types\/page"}],"author":[{"embeddable":true,"href":"https:\/\/coachingemocional.es\/fr\/wp-json\/wp\/v2\/users\/1"}],"replies":[{"embeddable":true,"href":"https:\/\/coachingemocional.es\/fr\/wp-json\/wp\/v2\/comments?post=78"}],"version-history":[{"count":0,"href":"https:\/\/coachingemocional.es\/fr\/wp-json\/wp\/v2\/pages\/78\/revisions"}],"wp:attachment":[{"href":"https:\/\/coachingemocional.es\/fr\/wp-json\/wp\/v2\/media?parent=78"}],"curies":[{"name":"wp","href":"https:\/\/api.w.org\/{rel}","templated":true}]}}