{"id":79,"date":"2020-06-25T01:55:23","date_gmt":"2020-06-24T23:52:42","guid":{"rendered":"https:\/\/coachingemocional.es\/como-2\/"},"modified":"2020-08-19T12:16:32","modified_gmt":"2020-08-19T10:16:32","slug":"paraquien","status":"publish","type":"page","link":"https:\/\/coachingemocional.es\/fr\/paraquien\/","title":{"rendered":"3 para quien"},"content":{"rendered":"","protected":false},"excerpt":{"rendered":"","protected":false},"author":1,"featured_media":0,"parent":0,"menu_order":1,"comment_status":"closed","ping_status":"closed","template":"","meta":[],"class_list":["post-79","page","type-page","status-publish","hentry"],"grid":"{\r\n  \"colCount\": 12,\r\n  \"colGutter\": 1,\r\n  \"rowGutters\": [],\r\n  \"frameMargin\": 1,\r\n  \"topFrameMargin\": 0,\r\n  \"bottomFrameMargin\": 0,\r\n  \"rowAttrs\": [\r\n    {}\r\n  ],\r\n  \"bgColor\": null,\r\n  \"cont\": [\r\n    {\r\n      \"type\": \"text\",\r\n      \"cont\": \"<p class=\\\"p1\\\" style=\\\"line-height: 0.8;\\\"><span style=\\\"font-size: 19px; font-family: NeueMontreal-Regular; color: #424242;\\\">Nous traversons tous des moments dans la vie o\u00f9 les choses ne semblent tout simplement pas fonctionner.<\/span><\/p><p class=\\\"p1\\\" style=\\\"line-height: 0.8;\\\"><span style=\\\"font-size: 19px; font-family: NeueMontreal-Regular; color: #424242;\\\">Certains d'entre nous ont pu percevoir que nous avions plus de potentiel que le r\u00e9sultat que nous obtenions.<\/span><\/p><p class=\\\"p1\\\" style=\\\"line-height: 0.8;\\\"><span style=\\\"font-size: 19px; font-family: NeueMontreal-Regular; color: #424242;\\\">D'autres d'entre nous en sont venus \u00e0 penser que nous devions nous contenter de ce que la vie nous offrait et que demander plus \u00e9tait trop demander.<\/span><\/p><p class=\\\"p1\\\" style=\\\"line-height: 0.8;\\\"><span style=\\\"font-size: 19px; font-family: NeueMontreal-Regular; color: #424242;\\\">Enfin, beaucoup d\u2019entre nous ont pu penser que nos \u00e9motions, nos sch\u00e9mas h\u00e9rit\u00e9s ou certains traumatismes du pass\u00e9 nous emp\u00eachaient d\u2019\u00eatre vraiment nous-m\u00eames.<\/span><\/p><p class=\\\"p1\\\" style=\\\"line-height: 0.8;\\\"><span style=\\\"font-size: 19px; font-family: NeueMontreal-Regular; color: #424242;\\\">Le coaching s'adresse \u00e0 toutes ces personnes.<\/span><\/p><p class=\\\"p1\\\" style=\\\"line-height: 0.8;\\\"><span style=\\\"font-size: 12px; font-family: NeueMontreal-Regular; color: #424242;\\\">\u00c0 tous ceux qui veulent<br \/><\/span><span style=\\\"font-size: 19px; font-family: NeueMontreal-Regular; color: #424242;\\\">\u2013Apprendre \u00e0 mieux se conna\u00eetre et r\u00e9alisez ce qui les rend heureux.<br \/><\/span><span style=\\\"font-size: 19px; font-family: NeueMontreal-Regular; color: #424242;\\\">\u2013Savoir ce qu\u2019ils veulent et vers o\u00f9 dirigier leur vie.<br \/><\/span><span style=\\\"font-size: 19px; font-family: NeueMontreal-Regular; color: #424242;\\\">\u2013Optimiser leurs ressources personnelles et acqu\u00e9rir de nouvelles comp\u00e9tences.<br \/>\u2013S<\/span><span style=\\\"font-size: 19px; font-family: NeueMontreal-Regular; color: #424242;\\\">urmonter les blocages, les peurs, les croyances ou les mod\u00e8les d\u00e9pass\u00e9s pour devenir eux-m\u00eames.<br \/>\u2013A<\/span><span style=\\\"font-size: 19px; font-family: NeueMontreal-Regular; color: #424242;\\\">m\u00e9liorez leurs comp\u00e9tences en communication.<br \/><\/span><span style=\\\"font-size: 19px; font-family: NeueMontreal-Regular; color: #424242;\\\">\u2013Avoir plus de connaissance de soi et se d\u00e9velopper personnellement.<\/span><\/p><p class=\\\"p1\\\" style=\\\"line-height: 0.8;\\\"><span style=\\\"font-size: 12px; font-family: NeueMontreal-Regular; color: #424242;\\\">\u00c0 tous<br \/><\/span><span style=\\\"font-size: 19px; font-family: NeueMontreal-Regular; color: #424242;\\\">\u2013Les professionnels qui veulent am\u00e9liorer leurs comp\u00e9tences personnelles et professionnelles.<br \/><\/span><span style=\\\"font-size: 19px; font-family: NeueMontreal-Regular; color: #424242;\\\">\u2013Les cr\u00e9atifs qui souhaitent d\u00e9velopper leur potentiel.<br \/><\/span><span style=\\\"font-size: 19px; font-family: NeueMontreal-Regular; color: #424242;\\\">\u2013De 15 \u00e0 100 ans.<\/span><\/p>\",\r\n      \"align\": \"top\",\r\n      \"row\": 0,\r\n      \"col\": 9,\r\n      \"colspan\": 3,\r\n      \"offsetx\": 0,\r\n      \"offsety\": 0,\r\n      \"spaceabove\": 1,\r\n      \"spacebelow\": 7.2,\r\n      \"yvel\": 1,\r\n      \"push\": 9,\r\n      \"relid\": 13,\r\n      \"frameOverflow\": \"\"\r\n    }\r\n  ]\r\n}","phonegrid":"{\r\n  \"colCount\": 12,\r\n  \"colGutter\": 1,\r\n  \"rowGutters\": [\r\n    20,\r\n    40\r\n  ],\r\n  \"frameMargin\": 3,\r\n  \"topFrameMargin\": 1.5,\r\n  \"bottomFrameMargin\": 3,\r\n  \"rowAttrs\": [\r\n    {},\r\n    {},\r\n    {}\r\n  ],\r\n  \"bgColor\": null,\r\n  \"cont\": [\r\n    {\r\n      \"type\": \"text\",\r\n      \"cont\": \"<p><span style=\\\"font-family: NeueMontreal-Regular; color: #424242; letter-spacing: 0em; font-size: 26px;\\\">pour qui<\/span><\/p>\",\r\n      \"align\": \"top\",\r\n      \"row\": 0,\r\n      \"col\": 0,\r\n      \"colspan\": 12,\r\n      \"offsetx\": 0,\r\n      \"offsety\": 0,\r\n      \"spaceabove\": 0,\r\n      \"spacebelow\": 0,\r\n      \"yvel\": 1,\r\n      \"push\": 0,\r\n      \"relid\": 24\r\n    },\r\n    {\r\n      \"type\": \"text\",\r\n      \"cont\": \"<p class=\\\"p1\\\" style=\\\"line-height: 1;\\\"><span style=\\\"letter-spacing: 0.02em; font-family: NeueMontreal-Regular; color: #424242;\\\">Nous traversons tous des moments dans la vie o\u00f9 les choses ne semblent tout simplement pas fonctionner.<\/span><\/p><p class=\\\"p1\\\" style=\\\"line-height: 1;\\\"><span style=\\\"letter-spacing: 0.02em; font-family: NeueMontreal-Regular; color: #424242;\\\">Certains d'entre nous ont pu percevoir que nous avions plus de potentiel que le r\u00e9sultat que nous obtenions.<\/span><\/p><p class=\\\"p1\\\" style=\\\"line-height: 1;\\\"><span style=\\\"letter-spacing: 0.02em; font-family: NeueMontreal-Regular; color: #424242;\\\">D'autres d'entre nous en sont venus \u00e0 penser que nous devions nous contenter de ce que la vie nous offrait et que demander plus \u00e9tait trop demander.<\/span><\/p><p class=\\\"p1\\\" style=\\\"line-height: 1;\\\"><span style=\\\"letter-spacing: 0.02em; font-family: NeueMontreal-Regular; color: #424242;\\\">Enfin, beaucoup d\u2019entre nous ont pu penser que nos \u00e9motions, nos sch\u00e9mas h\u00e9rit\u00e9s ou certains traumatismes du pass\u00e9 nous emp\u00eachaient d\u2019\u00eatre vraiment nous-m\u00eames.<\/span><\/p><p class=\\\"p1\\\" style=\\\"line-height: 1;\\\"><span style=\\\"letter-spacing: 0.02em; font-family: NeueMontreal-Regular; color: #424242;\\\">Le coaching s'adresse \u00e0 toutes ces personnes:<br \/><br \/><\/span><span style=\\\"font-size: 12px; font-family: NeueMontreal-Regular; color: #424242;\\\">\u00c0 tous ceux qui veulent<\/span><br \/><span style=\\\"font-family: NeueMontreal-Regular; color: #424242;\\\">\u2013Apprendre \u00e0 mieux se conna\u00eetre et r\u00e9alisez ce qui les rend heureux.<\/span><br \/><span style=\\\"font-family: NeueMontreal-Regular; color: #424242;\\\">\u2013Savoir ce qu\u2019ils veulent et vers o\u00f9 dirigier leur vie.<\/span><br \/><span style=\\\"font-family: NeueMontreal-Regular; color: #424242;\\\">\u2013Optimiser leurs ressources personnelles et acqu\u00e9rir de nouvelles comp\u00e9tences.<\/span><br \/><span style=\\\"font-family: NeueMontreal-Regular; color: #424242;\\\">\u2013Surmonter les blocages, les peurs, les croyances ou les mod\u00e8les d\u00e9pass\u00e9s pour devenir eux-m\u00eames.<\/span><br \/><span style=\\\"font-family: NeueMontreal-Regular; color: #424242;\\\">\u2013Am\u00e9liorez leurs comp\u00e9tences en communication.<\/span><br \/><span style=\\\"font-family: NeueMontreal-Regular; color: #424242;\\\">\u2013Avoir plus de connaissance de soi et se d\u00e9velopper personnellement.<\/span><\/p><p class=\\\"p1\\\"><span style=\\\"font-size: 12px; font-family: NeueMontreal-Regular; color: #424242;\\\">\u00c0 tous<\/span><br \/><span style=\\\"font-family: NeueMontreal-Regular; color: #424242;\\\">\u2013Les professionnels qui veulent am\u00e9liorer leurs comp\u00e9tences personnelles et professionnelles.<\/span><br \/><span style=\\\"font-family: NeueMontreal-Regular; color: #424242;\\\">\u2013Les cr\u00e9atifs qui souhaitent d\u00e9velopper leur potentiel.<\/span><br \/><span style=\\\"font-family: NeueMontreal-Regular; color: #424242;\\\">\u2013De 15 \u00e0 100 ans.<\/span><\/p>\",\r\n      \"align\": \"middle\",\r\n      \"row\": 1,\r\n      \"col\": 0,\r\n      \"colspan\": 12,\r\n      \"offsetx\": 0,\r\n      \"offsety\": 0,\r\n      \"spaceabove\": 0,\r\n      \"spacebelow\": 0,\r\n      \"yvel\": 1,\r\n      \"push\": 0,\r\n      \"relid\": 14,\r\n      \"frameOverflow\": \"\"\r\n    },\r\n    {\r\n      \"type\": \"text\",\r\n      \"cont\": \"<p class=\\\"p1\\\" style=\\\"line-height: 1;\\\"><span style=\\\"font-family: NeueMontreal-Regular; color: #424242;\\\">\u2191 Haut de page<\/span><\/p>\",\r\n      \"align\": \"top\",\r\n      \"row\": 2,\r\n      \"col\": 0,\r\n      \"colspan\": 12,\r\n      \"offsetx\": 0,\r\n      \"offsety\": 0,\r\n      \"spaceabove\": 0,\r\n      \"spacebelow\": 0,\r\n      \"yvel\": 1,\r\n      \"push\": 0,\r\n      \"relid\": 15,\r\n      \"isscrolltotop\": true\r\n    }\r\n  ]\r\n}","_links":{"self":[{"href":"https:\/\/coachingemocional.es\/fr\/wp-json\/wp\/v2\/pages\/79","targetHints":{"allow":["GET"]}}],"collection":[{"href":"https:\/\/coachingemocional.es\/fr\/wp-json\/wp\/v2\/pages"}],"about":[{"href":"https:\/\/coachingemocional.es\/fr\/wp-json\/wp\/v2\/types\/page"}],"author":[{"embeddable":true,"href":"https:\/\/coachingemocional.es\/fr\/wp-json\/wp\/v2\/users\/1"}],"replies":[{"embeddable":true,"href":"https:\/\/coachingemocional.es\/fr\/wp-json\/wp\/v2\/comments?post=79"}],"version-history":[{"count":0,"href":"https:\/\/coachingemocional.es\/fr\/wp-json\/wp\/v2\/pages\/79\/revisions"}],"wp:attachment":[{"href":"https:\/\/coachingemocional.es\/fr\/wp-json\/wp\/v2\/media?parent=79"}],"curies":[{"name":"wp","href":"https:\/\/api.w.org\/{rel}","templated":true}]}}