{"id":81,"date":"2020-06-26T13:37:03","date_gmt":"2020-06-24T23:52:42","guid":{"rendered":"https:\/\/coachingemocional.es\/como-2-2\/"},"modified":"2020-08-28T11:01:56","modified_gmt":"2020-08-28T09:01:56","slug":"nuestravision","status":"publish","type":"page","link":"https:\/\/coachingemocional.es\/fr\/nuestravision\/","title":{"rendered":"4 nuestra vision"},"content":{"rendered":"","protected":false},"excerpt":{"rendered":"","protected":false},"author":1,"featured_media":0,"parent":0,"menu_order":9,"comment_status":"closed","ping_status":"closed","template":"","meta":[],"class_list":["post-81","page","type-page","status-publish","hentry"],"grid":"{\r\n  \"colCount\": 12,\r\n  \"colGutter\": 1,\r\n  \"rowGutters\": [],\r\n  \"frameMargin\": 1,\r\n  \"topFrameMargin\": 0,\r\n  \"bottomFrameMargin\": 0,\r\n  \"rowAttrs\": [\r\n    {\r\n      \"classes\": \"background\"\r\n    }\r\n  ],\r\n  \"bgColor\": null,\r\n  \"cont\": [\r\n    {\r\n      \"type\": \"text\",\r\n      \"cont\": \"<p class=\\\"p1\\\" style=\\\"line-height: 0.8;\\\"><span style=\\\"font-family: NeueMontreal-Regular; color: #424242;\\\"><span style=\\\"font-size: 19px; letter-spacing: 0.02em;\\\"><span style=\\\"font-size: 12px;\\\">Changer<\/span><br \/><\/span><span style=\\\"font-size: 19px; letter-spacing: 0.02em;\\\">Nous croyons qu\u2019il est enti\u00e8rement possible de changer. C'est une question de confiance et d'apprentissage, ayant pour but de cr\u00e9er de nouveaux mod\u00e8les et de nouvelles connexions neurologiques.<\/span><\/span><\/p><p class=\\\"p1\\\" style=\\\"line-height: 0.8;\\\"><span style=\\\"color: #424242; font-family: NeueMontreal-Regular;\\\"><span style=\\\"font-size: 19px; letter-spacing: 0.02em;\\\"><span style=\\\"font-size: 12px;\\\">\u00c9motions<\/span><br \/><\/span><span style=\\\"font-size: 19px; letter-spacing: 0.02em;\\\">Nos \u00e9motions font fonction de guide interne. Les comprendre et les g\u00e9rer est une question d\u2019entra\u00eenement.<\/span><\/span><\/p><p class=\\\"p1\\\" style=\\\"line-height: 0.8;\\\"><span style=\\\"color: #424242; font-family: NeueMontreal-Regular;\\\"><span style=\\\"font-size: 19px; letter-spacing: 0.02em;\\\"><span style=\\\"font-size: 12px;\\\">La Personne<\/span><br \/><\/span><span style=\\\"font-size: 19px; letter-spacing: 0.02em;\\\">Toute personne dispose des ressources n\u00e9cessaires pour atteindre son objectif. <\/span><span style=\\\"font-size: 19px; letter-spacing: 0.02em;\\\">Toute personne a la capacit\u00e9 de d\u00e9cider de fa\u00e7on autonome ce qui lui convient le mieux dans sa vie. <\/span><span style=\\\"font-size: 19px; letter-spacing: 0.02em;\\\">L\u2019autonomie est un signe de maturit\u00e9.<\/span><\/span><\/p><p class=\\\"p1\\\" style=\\\"line-height: 0.8;\\\"><span style=\\\"color: #424242; font-family: NeueMontreal-Regular;\\\"><span style=\\\"font-size: 19px; letter-spacing: 0.02em;\\\"><span style=\\\"font-size: 12px;\\\">R\u00e9sultats<\/span><br \/><\/span><span style=\\\"font-size: 19px; letter-spacing: 0.02em;\\\">Les \u00e9checs n\u2019existent pas, il n\u2019existe que des r\u00e9sultats inattendus. Pour obtenir d\u2019autres r\u00e9sultats, il est n\u00e9cessaire de changer les actions.<\/span><\/span><\/p><p class=\\\"p1\\\" style=\\\"line-height: 0.8;\\\"><span style=\\\"color: #424242; font-family: NeueMontreal-Regular;\\\"><span style=\\\"font-size: 19px; letter-spacing: 0.02em;\\\"><span style=\\\"font-size: 12px;\\\">Talent<\/span><br \/><\/span><span style=\\\"font-size: 19px; letter-spacing: 0.02em;\\\">Nous avons tous un talent, et notre devoir est de le d\u00e9couvrir et de l\u2019offrir au monde. Nous conna\u00eetre nous-m\u00eames et mettre en valeur nos capacit\u00e9s est l'une des bases fondamentales du bonheur.<\/span><\/span><\/p><p class=\\\"p1\\\" style=\\\"line-height: 0.8;\\\"><span style=\\\"color: #424242; font-family: NeueMontreal-Regular;\\\"><span style=\\\"font-size: 19px; letter-spacing: 0.02em;\\\"><span style=\\\"font-size: 12px;\\\">Notre Objectif<\/span><br \/><\/span><span style=\\\"font-size: 19px; letter-spacing: 0.02em;\\\">Contribuer au d\u00e9veloppement de la personne avec \u00e9coute, respect, confiance, d\u00e9licatesse, enthousiasme, confidentialit\u00e9 et transparence.<\/span><\/span><\/p><p class=\\\"p1\\\" style=\\\"line-height: 0.8;\\\"><span style=\\\"color: #424242; font-family: NeueMontreal-Regular;\\\"><span style=\\\"font-size: 19px; letter-spacing: 0.02em;\\\"><span style=\\\"font-size: 12px;\\\">Notre Sp\u00e9cialit\u00e9<\/span><br \/><\/span><span style=\\\"font-size: 19px; letter-spacing: 0.02em;\\\">Nous sommes sp\u00e9cialistes du changement et experts en talent, cr\u00e9ativit\u00e9 et \u00e9motions.<\/span><\/span><\/p>\",\r\n      \"align\": \"top\",\r\n      \"row\": 0,\r\n      \"col\": 9,\r\n      \"colspan\": 3,\r\n      \"offsetx\": 0,\r\n      \"offsety\": 0,\r\n      \"spaceabove\": 1,\r\n      \"spacebelow\": 7.2,\r\n      \"yvel\": 1,\r\n      \"push\": 9,\r\n      \"relid\": 13,\r\n      \"frameOverflow\": \"\"\r\n    }\r\n  ]\r\n}","phonegrid":"{\r\n  \"colCount\": 12,\r\n  \"colGutter\": 1,\r\n  \"rowGutters\": [\r\n    20,\r\n    40\r\n  ],\r\n  \"frameMargin\": 3,\r\n  \"topFrameMargin\": 1.5,\r\n  \"bottomFrameMargin\": 3,\r\n  \"rowAttrs\": [\r\n    {},\r\n    {},\r\n    {}\r\n  ],\r\n  \"bgColor\": null,\r\n  \"cont\": [\r\n    {\r\n      \"type\": \"text\",\r\n      \"cont\": \"\",\r\n      \"align\": \"top\",\r\n      \"row\": 0,\r\n      \"col\": 0,\r\n      \"colspan\": 12,\r\n      \"offsetx\": 0,\r\n      \"offsety\": 0,\r\n      \"spaceabove\": 0,\r\n      \"spacebelow\": 0,\r\n      \"yvel\": 1,\r\n      \"push\": 0,\r\n      \"relid\": 15\r\n    },\r\n    {\r\n      \"type\": \"text\",\r\n      \"cont\": \"\",\r\n      \"align\": \"top\",\r\n      \"row\": 1,\r\n      \"col\": 0,\r\n      \"colspan\": 12,\r\n      \"offsetx\": 0,\r\n      \"offsety\": 0,\r\n      \"spaceabove\": 0,\r\n      \"spacebelow\": 0,\r\n      \"yvel\": 1,\r\n      \"push\": 0,\r\n      \"relid\": 14\r\n    },\r\n    {\r\n      \"type\": \"text\",\r\n      \"cont\": \"<p class=\\\"p1\\\" style=\\\"line-height: 1;\\\"><span style=\\\"font-family: NeueMontreal-Regular; color: #424242;\\\"><span style=\\\"font-family: NeueMontreal-Regular;\\\"><span style=\\\"letter-spacing: 0.32px;\\\">\u2191 Haut de page<\/span><\/span><\/span><\/p>\",\r\n      \"align\": \"top\",\r\n      \"row\": 2,\r\n      \"col\": 0,\r\n      \"colspan\": 12,\r\n      \"offsetx\": 0,\r\n      \"offsety\": 0,\r\n      \"spaceabove\": 0,\r\n      \"spacebelow\": 0,\r\n      \"yvel\": 1,\r\n      \"push\": 0,\r\n      \"relid\": 16,\r\n      \"isscrolltotop\": true\r\n    }\r\n  ]\r\n}","_links":{"self":[{"href":"https:\/\/coachingemocional.es\/fr\/wp-json\/wp\/v2\/pages\/81","targetHints":{"allow":["GET"]}}],"collection":[{"href":"https:\/\/coachingemocional.es\/fr\/wp-json\/wp\/v2\/pages"}],"about":[{"href":"https:\/\/coachingemocional.es\/fr\/wp-json\/wp\/v2\/types\/page"}],"author":[{"embeddable":true,"href":"https:\/\/coachingemocional.es\/fr\/wp-json\/wp\/v2\/users\/1"}],"replies":[{"embeddable":true,"href":"https:\/\/coachingemocional.es\/fr\/wp-json\/wp\/v2\/comments?post=81"}],"version-history":[{"count":0,"href":"https:\/\/coachingemocional.es\/fr\/wp-json\/wp\/v2\/pages\/81\/revisions"}],"wp:attachment":[{"href":"https:\/\/coachingemocional.es\/fr\/wp-json\/wp\/v2\/media?parent=81"}],"curies":[{"name":"wp","href":"https:\/\/api.w.org\/{rel}","templated":true}]}}