{"id":88,"date":"2020-06-26T14:17:47","date_gmt":"2020-06-24T23:52:42","guid":{"rendered":"https:\/\/coachingemocional.es\/como-2-2-2\/"},"modified":"2020-08-19T15:12:21","modified_gmt":"2020-08-19T13:12:21","slug":"acercademi","status":"publish","type":"page","link":"https:\/\/coachingemocional.es\/fr\/acercademi\/","title":{"rendered":"5 acerca de mi"},"content":{"rendered":"","protected":false},"excerpt":{"rendered":"","protected":false},"author":1,"featured_media":0,"parent":0,"menu_order":7,"comment_status":"closed","ping_status":"closed","template":"","meta":[],"class_list":["post-88","page","type-page","status-publish","hentry"],"grid":"{\r\n  \"colCount\": 24,\r\n  \"colGutter\": 1,\r\n  \"rowGutters\": [],\r\n  \"frameMargin\": 1,\r\n  \"topFrameMargin\": 0,\r\n  \"bottomFrameMargin\": 0,\r\n  \"rowAttrs\": [\r\n    {}\r\n  ],\r\n  \"bgColor\": null,\r\n  \"cont\": [\r\n    {\r\n      \"type\": \"img\",\r\n      \"cont\": \"\/wp-content\/uploads\/fiona-bertran.jpg\",\r\n      \"align\": \"top\",\r\n      \"row\": 0,\r\n      \"col\": 18,\r\n      \"colspan\": 1,\r\n      \"offsetx\": 0,\r\n      \"offsety\": 0,\r\n      \"spaceabove\": 1.7,\r\n      \"spacebelow\": 0,\r\n      \"yvel\": 1,\r\n      \"push\": 18,\r\n      \"relid\": 132,\r\n      \"attid\": 31,\r\n      \"sizes\": {\r\n        \"full\": \"\/wp-content\/uploads\/fiona-bertran.jpg\"\r\n      },\r\n      \"w\": 96,\r\n      \"h\": 126,\r\n      \"ar\": 1.3125,\r\n      \"alt\": \"\"\r\n    },\r\n    {\r\n      \"type\": \"text\",\r\n      \"cont\": \"<p class=\\\"p1\\\" style=\\\"line-height: 0.8;\\\"><span style=\\\"color: #424242;\\\"><span style=\\\"font-size: 19px; letter-spacing: 0.02em; font-family: NeueMontreal-Regular;\\\"><span style=\\\"font-size: 12px;\\\">Fiona Bertr\u00e1n<br \/><\/span><\/span><span style=\\\"font-size: 19px; font-family: NeueMontreal-Regular;\\\">Sp\u00e9cialiste en coaching avec programmation neuro-ling\u00fcistique,<span class=\\\"Apple-converted-space\\\">\u00a0 <\/span>ainsi que Sp\u00e9cialiste en intelligence \u00e9motionnelle et en communication.<\/span><\/span><\/p><p class=\\\"p1\\\" style=\\\"line-height: 0.8;\\\"><span style=\\\"font-size: 19px; font-family: NeueMontreal-Regular; color: #424242;\\\">Fondatrice et directrice de The School of Change et Emotional Coaching.<\/span><\/p><p class=\\\"p1\\\" style=\\\"line-height: 0.8;\\\"><span style=\\\"font-size: 19px; font-family: NeueMontreal-Regular; color: #424242;\\\">Speaker habituelle lors de conf\u00e9rences sur le coaching, la cr\u00e9ativit\u00e9, le leadership, la communication et le changement.<\/span><\/p><p class=\\\"p1\\\" style=\\\"line-height: 0.8;\\\"><span style=\\\"font-size: 19px; font-family: NeueMontreal-Regular; color: #424242;\\\">Formateur dans diverses \u00e9coles de coaching et \u00e0 l'Institut des sciences humaines Francesco Petrarca.<\/span><\/p><p class=\\\"p1\\\" style=\\\"line-height: 0.8;\\\"><span style=\\\"font-size: 19px; font-family: NeueMontreal-Regular; color: #424242;\\\">Apr\u00e8s avoir obtenu une Licence d\u2019Histoire et une Ma\u00eetrise en Sciences Politiques par l'Universit\u00e9 Panth\u00e9on Sorbonne de Paris, Fiona Bertran a travaill\u00e9 pendant plus de 10 ans dans le monde de l'art contemporain international, charg\u00e9e de la s\u00e9lection et la promotion de jeunes artistes, \u00e0 travers plusieurs galeries de renom d'Europe et des \u00c9tats-Unis.<\/span><\/p><p class=\\\"p1\\\" style=\\\"line-height: 0.8;\\\"><span style=\\\"font-size: 19px; font-family: NeueMontreal-Regular; color: #424242;\\\">Fiona Bertran est dipl\u00f4m\u00e9e en Coaching \u00e0 travers le CECP (ASESCO- Madrid-Espagne), et en Intelligence \u00c9motionnelle par l'Universit\u00e9 d'Alcala de Henares (Espagne), o\u00f9 elle a aussi obtenu un Master en Communication Int\u00e9grale.<\/span><\/p><p class=\\\"p1\\\" style=\\\"line-height: 0.8;\\\"><span style=\\\"font-size: 19px; font-family: NeueMontreal-Regular; color: #424242;\\\">Master Trainer en PNL de l'Universit\u00e9 NLP de Santa Cruz, Californie, Robert Dilts.<\/span><\/p><p class=\\\"p1\\\" style=\\\"line-height: 0.8;\\\"><span style=\\\"font-size: 19px; font-family: NeueMontreal-Regular; color: #424242;\\\">Formateur en PNL par la NLP Academy, Londres, John Grinder, Michael Carroll, Carmen Bostic. <br \/><br \/>Formateur en PNL par l'Universit\u00e9 PNL de Santa Cruz, Californie, Robert Dilts<br \/><br \/>Master en PNL par l'Universit\u00e9 PNL de Santa Cruz, Californie, Robert Dilts.<\/span><\/p><p class=\\\"p1\\\" style=\\\"line-height: 0.8;\\\"><span style=\\\"font-size: 19px; font-family: NeueMontreal-Regular; color: #424242;\\\">Praticien PNL du Quantum Leap Institute, \u00c9tats-Unis, John Grinder.<\/span><\/p><p class=\\\"p1\\\" style=\\\"line-height: 0.8;\\\"><span style=\\\"font-size: 19px; font-family: NeueMontreal-Regular; color: #424242;\\\">Th\u00e9rapie Craniosacrale biodynamique.<\/span><\/p><p class=\\\"p1\\\" style=\\\"line-height: 0.8;\\\"><span style=\\\"font-size: 19px; font-family: NeueMontreal-Regular; color: #424242;\\\">Sp\u00e9cialiste en transe g\u00e9n\u00e9rative avec Stephen Gilligan.<\/span><\/p><p class=\\\"p1\\\" style=\\\"line-height: 0.8;\\\"><span style=\\\"font-size: 19px; font-family: NeueMontreal-Regular; color: #424242;\\\">Fundamentals in Ericksonian Hypnosis, par le Milton H. Erickson Institute de Madrid, d\u00e9cern\u00e9 par la Milton Erickson Foundation \u00e0 Phoenix (USA).<\/span><\/p><p class=\\\"p1\\\" style=\\\"line-height: 0.8;\\\"><span style=\\\"font-size: 19px; font-family: NeueMontreal-Regular; color: #424242;\\\">Coaching Syst\u00e9mique \u00e0 travers Coaching M\u00e9tasyst\u00e8me, avec Alain Cardon, Paris, France.<\/span><\/p><p class=\\\"p1\\\" style=\\\"line-height: 0.8;\\\"><span style=\\\"font-size: 19px; font-family: NeueMontreal-Regular; color: #424242;\\\">Certifi\u00e9e en Applications de la Neuroscience au coaching en entreprise, par Neuro Business Group, Harvard Faculty Club, Cambridge, Massachusetts, Srinivasan Pillay, M.D.<\/span><\/p><p class=\\\"p1\\\" style=\\\"line-height: 0.8;\\\"><span style=\\\"font-size: 19px; font-family: NeueMontreal-Regular; color: #424242;\\\">MBSR en Mindfulness. Form\u00e9 dans le cadre du programme officiel de r\u00e9duction du stress bas\u00e9 sur le Mindfulness.\u00a0<br \/><br \/>MBSR \u00e0 l'Universit\u00e9 du Massachusetts, par Carola Garc\u00eda.<\/span><\/p><p class=\\\"p1\\\" style=\\\"line-height: 0.8;\\\"><span style=\\\"font-size: 19px; font-family: NeueMontreal-Regular; color: #424242;\\\">Finalement, Fiona Bertran parle couramment l\u2019Espagnol, le Fran\u00e7ais, l'Anglais et l\u2019Italien, et propose des s\u00e9ances de coaching dans chacune de ces langues.<\/span><\/p>\",\r\n      \"align\": \"top\",\r\n      \"row\": 0,\r\n      \"col\": 19,\r\n      \"colspan\": 5,\r\n      \"offsetx\": 0,\r\n      \"offsety\": 0,\r\n      \"spaceabove\": 0.8,\r\n      \"spacebelow\": 7.2,\r\n      \"yvel\": 1,\r\n      \"push\": 0,\r\n      \"relid\": 14\r\n    }\r\n  ]\r\n}","phonegrid":"{\r\n  \"colCount\": 12,\r\n  \"colGutter\": 1,\r\n  \"rowGutters\": [\r\n    20,\r\n    6,\r\n    40\r\n  ],\r\n  \"frameMargin\": 3,\r\n  \"topFrameMargin\": 1.5,\r\n  \"bottomFrameMargin\": 3,\r\n  \"rowAttrs\": [\r\n    {},\r\n    {},\r\n    {},\r\n    {}\r\n  ],\r\n  \"bgColor\": null,\r\n  \"cont\": [\r\n    {\r\n      \"type\": \"text\",\r\n      \"cont\": \"<p class=\\\"p1\\\"><span class=\\\"s1\\\" style=\\\"font-size: 26px; font-family: NeueMontreal-Regular; letter-spacing: 0.02em; color: #424242;\\\">qui nous sommes<\/span><\/p>\",\r\n      \"align\": \"top\",\r\n      \"row\": 0,\r\n      \"col\": 0,\r\n      \"colspan\": 12,\r\n      \"offsetx\": 0,\r\n      \"offsety\": 0,\r\n      \"spaceabove\": 0,\r\n      \"spacebelow\": 0,\r\n      \"yvel\": 1,\r\n      \"push\": 0,\r\n      \"relid\": 18\r\n    },\r\n    {\r\n      \"type\": \"img\",\r\n      \"cont\": \"\/wp-content\/uploads\/fiona-bertran.jpg\",\r\n      \"align\": \"top\",\r\n      \"row\": 1,\r\n      \"col\": 0,\r\n      \"colspan\": 3,\r\n      \"offsetx\": 0,\r\n      \"offsety\": 0,\r\n      \"spaceabove\": 0,\r\n      \"spacebelow\": 0,\r\n      \"yvel\": 1,\r\n      \"push\": 0,\r\n      \"relid\": 124,\r\n      \"attid\": 31,\r\n      \"sizes\": {\r\n        \"full\": \"\/wp-content\/uploads\/fiona-bertran.jpg\"\r\n      },\r\n      \"w\": 96,\r\n      \"h\": 126,\r\n      \"ar\": 1.3125,\r\n      \"alt\": \"\"\r\n    },\r\n    {\r\n      \"type\": \"text\",\r\n      \"cont\": \"<p class=\\\"p1\\\" style=\\\"line-height: 1;\\\"><span style=\\\"font-family: NeueMontreal-Regular; letter-spacing: 0.02em; color: #424242;\\\">Fiona Bertran est Sp\u00e9cialiste en coaching avec programmation neuro-ling\u00fcistique,<span class=\\\"Apple-converted-space\\\">\u00a0 <\/span>ainsi que Sp\u00e9cialiste en intelligence \u00e9motionnelle et en communication.<\/span><\/p>\",\r\n      \"align\": \"top\",\r\n      \"row\": 1,\r\n      \"col\": 6,\r\n      \"colspan\": 6,\r\n      \"offsetx\": 0,\r\n      \"offsety\": 0,\r\n      \"spaceabove\": 0,\r\n      \"spacebelow\": 0,\r\n      \"yvel\": 1,\r\n      \"push\": 3,\r\n      \"relid\": 19\r\n    },\r\n    {\r\n      \"type\": \"text\",\r\n      \"cont\": \"<p class=\\\"p1\\\" style=\\\"line-height: 1;\\\"><span style=\\\"font-family: NeueMontreal-Regular; letter-spacing: 0.02em; color: #424242; font-size: 12px;\\\">Fondatrice et directrice de The School of Change et Emotional Coaching.<\/span><\/p><p class=\\\"p1\\\" style=\\\"line-height: 1;\\\"><span style=\\\"font-family: NeueMontreal-Regular; letter-spacing: 0.02em; color: #424242; font-size: 12px;\\\">Speaker habituelle lors de conf\u00e9rences sur le coaching, la cr\u00e9ativit\u00e9, le leadership, la communication et le changement.<\/span><\/p><p class=\\\"p1\\\" style=\\\"line-height: 1;\\\"><span style=\\\"font-family: NeueMontreal-Regular; letter-spacing: 0.02em; color: #424242; font-size: 12px;\\\">Formateur dans diverses \u00e9coles de coaching et \u00e0 l'Institut des sciences humaines Francesco Petrarca.<\/span><\/p><p class=\\\"p1\\\" style=\\\"line-height: 1;\\\"><span style=\\\"font-family: NeueMontreal-Regular; letter-spacing: 0.02em; color: #424242; font-size: 12px;\\\">Apr\u00e8s avoir obtenu une Licence d\u2019Histoire et une Ma\u00eetrise en Sciences Politiques par l'Universit\u00e9 Panth\u00e9on Sorbonne de Paris, Fiona Bertran a travaill\u00e9 pendant plus de 10 ans dans le monde de l'art contemporain international, charg\u00e9e de la s\u00e9lection et la promotion de jeunes artistes, \u00e0 travers plusieurs galeries de renom d'Europe et des \u00c9tats-Unis.<\/span><\/p><p class=\\\"p1\\\" style=\\\"line-height: 1;\\\"><span style=\\\"font-family: NeueMontreal-Regular; letter-spacing: 0.02em; color: #424242; font-size: 12px;\\\">Fiona Bertran est dipl\u00f4m\u00e9e en Coaching \u00e0 travers le CECP (ASESCO- Madrid-Espagne), et en Intelligence \u00c9motionnelle par l'Universit\u00e9 d'Alcala de Henares (Espagne), o\u00f9 elle a aussi obtenu un Master en Communication Int\u00e9grale.<\/span><\/p><p class=\\\"p1\\\" style=\\\"line-height: 1;\\\"><span style=\\\"font-family: NeueMontreal-Regular; letter-spacing: 0.02em; color: #424242; font-size: 12px;\\\">Master Trainer en PNL de l'Universit\u00e9 NLP de Santa Cruz, Californie, Robert Dilts.<\/span><\/p><p class=\\\"p1\\\" style=\\\"line-height: 1;\\\"><span style=\\\"font-family: NeueMontreal-Regular; letter-spacing: 0.02em; color: #424242; font-size: 12px;\\\">Formateur en PNL par la NLP Academy, Londres, John Grinder, Michael Carroll, Carmen Bostic. Formateur en PNL par l'Universit\u00e9 PNL de Santa Cruz, Californie, Robert DiltsMaster en PNL par l'Universit\u00e9 PNL de Santa Cruz, Californie, Robert Dilts.<\/span><\/p><p class=\\\"p1\\\" style=\\\"line-height: 1;\\\"><span style=\\\"font-family: NeueMontreal-Regular; letter-spacing: 0.02em; color: #424242; font-size: 12px;\\\">Praticien PNL du Quantum Leap Institute, \u00c9tats-Unis, John Grinder.<\/span><\/p><p class=\\\"p1\\\" style=\\\"line-height: 1;\\\"><span style=\\\"font-family: NeueMontreal-Regular; letter-spacing: 0.02em; color: #424242; font-size: 12px;\\\">Th\u00e9rapie Craniosacrale biodynamique.<\/span><\/p><p class=\\\"p1\\\" style=\\\"line-height: 1;\\\"><span style=\\\"font-family: NeueMontreal-Regular; letter-spacing: 0.02em; color: #424242; font-size: 12px;\\\">Sp\u00e9cialiste en transe g\u00e9n\u00e9rative avec Stephen Gilligan.<\/span><\/p><p class=\\\"p1\\\" style=\\\"line-height: 1;\\\"><span style=\\\"font-family: NeueMontreal-Regular; letter-spacing: 0.02em; color: #424242; font-size: 12px;\\\">Fundamentals in Ericksonian Hypnosis, par le Milton H. Erickson Institute de Madrid, d\u00e9cern\u00e9 par la Milton Erickson Foundation \u00e0 Phoenix (USA).<\/span><\/p><p class=\\\"p1\\\" style=\\\"line-height: 1;\\\"><span style=\\\"font-family: NeueMontreal-Regular; letter-spacing: 0.02em; color: #424242; font-size: 12px;\\\">Coaching Syst\u00e9mique \u00e0 travers Coaching M\u00e9tasyst\u00e8me, avec Alain Cardon, Paris, France.<\/span><\/p><p class=\\\"p1\\\" style=\\\"line-height: 1;\\\"><span style=\\\"font-family: NeueMontreal-Regular; letter-spacing: 0.02em; color: #424242; font-size: 12px;\\\">Certifi\u00e9e en Applications de la Neuroscience au coaching en entreprise, par Neuro Business Group, Harvard Faculty Club, Cambridge, Massachusetts, Srinivasan Pillay, M.D.<\/span><\/p><p class=\\\"p1\\\" style=\\\"line-height: 1;\\\"><span style=\\\"font-family: NeueMontreal-Regular; letter-spacing: 0.02em; color: #424242; font-size: 12px;\\\">MBSR en Mindfulness. Form\u00e9 dans le cadre du programme officiel de r\u00e9duction du stress bas\u00e9 sur le Mindfulness, MBSR \u00e0 l'Universit\u00e9 du Massachusetts, par Carola Garc\u00eda.<\/span><\/p><p class=\\\"p1\\\" style=\\\"line-height: 1;\\\"><span style=\\\"font-family: NeueMontreal-Regular; letter-spacing: 0.02em; color: #424242; font-size: 12px;\\\">Finalement, Fiona Bertran parle couramment l\u2019Espagnol, le Fran\u00e7ais, l'Anglais et l\u2019Italien, et propose des s\u00e9ances de coaching dans chacune de ces langues.<\/span><\/p>\",\r\n      \"align\": \"middle\",\r\n      \"row\": 2,\r\n      \"col\": 6,\r\n      \"colspan\": 6,\r\n      \"offsetx\": 0,\r\n      \"offsety\": 0,\r\n      \"spaceabove\": 0,\r\n      \"spacebelow\": 0,\r\n      \"yvel\": 1,\r\n      \"push\": 6,\r\n      \"relid\": 13\r\n    },\r\n    {\r\n      \"type\": \"text\",\r\n      \"cont\": \"<p style=\\\"line-height: 1;\\\"><span style=\\\"font-family: NeueMontreal-Regular; color: #424242;\\\"><span style=\\\"font-family: NeueMontreal-Regular;\\\"><span style=\\\"letter-spacing: 0.32px;\\\">\u2191 Haut de page<\/span><\/span><\/span><\/p>\",\r\n      \"align\": \"top\",\r\n      \"row\": 3,\r\n      \"col\": 0,\r\n      \"colspan\": 12,\r\n      \"offsetx\": 0,\r\n      \"offsety\": 0,\r\n      \"spaceabove\": 0,\r\n      \"spacebelow\": 0,\r\n      \"yvel\": 1,\r\n      \"push\": 0,\r\n      \"relid\": 16,\r\n      \"isscrolltotop\": true\r\n    }\r\n  ]\r\n}","_links":{"self":[{"href":"https:\/\/coachingemocional.es\/fr\/wp-json\/wp\/v2\/pages\/88","targetHints":{"allow":["GET"]}}],"collection":[{"href":"https:\/\/coachingemocional.es\/fr\/wp-json\/wp\/v2\/pages"}],"about":[{"href":"https:\/\/coachingemocional.es\/fr\/wp-json\/wp\/v2\/types\/page"}],"author":[{"embeddable":true,"href":"https:\/\/coachingemocional.es\/fr\/wp-json\/wp\/v2\/users\/1"}],"replies":[{"embeddable":true,"href":"https:\/\/coachingemocional.es\/fr\/wp-json\/wp\/v2\/comments?post=88"}],"version-history":[{"count":0,"href":"https:\/\/coachingemocional.es\/fr\/wp-json\/wp\/v2\/pages\/88\/revisions"}],"wp:attachment":[{"href":"https:\/\/coachingemocional.es\/fr\/wp-json\/wp\/v2\/media?parent=88"}],"curies":[{"name":"wp","href":"https:\/\/api.w.org\/{rel}","templated":true}]}}