{"id":93,"date":"2020-06-26T14:32:19","date_gmt":"2020-06-24T23:52:42","guid":{"rendered":"https:\/\/coachingemocional.es\/como-2-2-2-2\/"},"modified":"2020-08-28T13:37:41","modified_gmt":"2020-08-28T11:37:41","slug":"opinion","status":"publish","type":"page","link":"https:\/\/coachingemocional.es\/fr\/opinion\/","title":{"rendered":"7 opini\u00f3n"},"content":{"rendered":"","protected":false},"excerpt":{"rendered":"","protected":false},"author":1,"featured_media":0,"parent":0,"menu_order":6,"comment_status":"closed","ping_status":"closed","template":"","meta":[],"class_list":["post-93","page","type-page","status-publish","hentry"],"grid":"{\r\n  \"colCount\": 12,\r\n  \"colGutter\": 1,\r\n  \"rowGutters\": [],\r\n  \"frameMargin\": 1,\r\n  \"topFrameMargin\": 0,\r\n  \"bottomFrameMargin\": 0,\r\n  \"rowAttrs\": [\r\n    {}\r\n  ],\r\n  \"bgColor\": null,\r\n  \"cont\": [\r\n    {\r\n      \"type\": \"text\",\r\n      \"cont\": \"<p class=\\\"p1\\\" style=\\\"line-height: 0.8;\\\"><span style=\\\"letter-spacing: 0.02em; font-family: NeueMontreal-Regular;\\\"><span style=\\\"font-size: 12px; color: #424242;\\\">Laura, Actrice et Chef de Cuisine, 32 ans<br \/><\/span><span style=\\\"font-size: 19px; color: #424242;\\\">\\\"Tout peut changer, il faut r\u00eaver et travaillez pour y parvenir.\\\"<\/span><\/span><\/p><p class=\\\"p1\\\" style=\\\"line-height: 0.8;\\\"><span style=\\\"letter-spacing: 0.02em; font-family: NeueMontreal-Regular;\\\"><span style=\\\"font-size: 12px; color: #424242;\\\">David, Acteur, 27 ans<br \/><\/span><span style=\\\"font-size: 19px; color: #424242;\\\">\\\"Le coaching a augment\u00e9 mon niveau de conscience en me connectant \u00e0 mes propres d\u00e9sirs, en \u00e9liminant le bruit des pr\u00e9jug\u00e9s et de l'inertie. Cela m'a aussi aid\u00e9 \u00e0 me motiver et \u00e0 passer \u00e0 l'action, \u00e0 cr\u00e9er une congruence avec la vie \u00e0 laquelle j'aspire et ainsi \u00e0 m'en rapprocher. Pour moi, cela a \u00e9t\u00e9 une reconnexion avec ma propre inspiration.\\\"<\/span><\/span><\/p><p class=\\\"p1\\\" style=\\\"line-height: 0.8;\\\"><span style=\\\"letter-spacing: 0.02em; font-family: NeueMontreal-Regular;\\\"><span style=\\\"font-size: 12px; color: #424242;\\\">Susana, Com\u00e9dienne, 36 ans<br \/><\/span><span style=\\\"font-size: 19px; color: #424242;\\\">\\\"Enfin, j\u2019ai ouvert les yeux et je me suis retrouv\u00e9e. J'ai finalement pu d\u00e9finir mon objectif et respirer en m\u00eame temps. Je suis finalement sortie du p\u00e9trin et j\u2019ai pu construire un avenir. Je vous remercie.\\\"<\/span><\/span><\/p><p class=\\\"p1\\\" style=\\\"line-height: 0.8;\\\"><span style=\\\"letter-spacing: 0.02em; font-family: NeueMontreal-Regular;\\\"><span style=\\\"font-size: 12px; color: #424242;\\\">Javier, Sc\u00e9nariste, 34 ans<br \/><\/span><span style=\\\"font-size: 19px; color: #424242;\\\">\\\"Le coaching m'a permis de reprendre confiance en moi, de trouver un \u00e9quilibre entre mes capacit\u00e9s et mes motivations, mais surtout il m'a aid\u00e9 dans mon quotidien \u00e0 profiter d'\u00eatre qui je suis, quoi qu'il arrive dans ma vie.\\\"<\/span><\/span><\/p><p class=\\\"p1\\\" style=\\\"line-height: 0.8;\\\"><span style=\\\"letter-spacing: 0.02em; font-family: NeueMontreal-Regular;\\\"><span style=\\\"font-size: 12px; color: #424242;\\\">Mariana, Professeur\/Chercheur, 33 ans<br \/><\/span><span style=\\\"font-size: 19px; color: #424242;\\\">\\\"Pour moi, le processus de coaching signifie un processus de connaissance de soi, o\u00f9 il est possible d'identifier les points faibles (d\u00e9fauts) pour qu'ils soient surmont\u00e9s et les points forts (qualit\u00e9s) pour qu'ils soient valoris\u00e9s et d\u00e9velopp\u00e9s, avec l'objectif principal de trouver l'\u00e9panouissement professionnel . Je crois qu'\u00e0 la fin du processus, vous pouvez \u00e9galement \u00eatre plus pr\u00e9par\u00e9 et plus confiant pour prendre des d\u00e9cisions personnelles.\\\"<\/span><\/span><\/p><p class=\\\"p1\\\" style=\\\"line-height: 0.8;\\\"><span style=\\\"letter-spacing: 0.02em; font-family: NeueMontreal-Regular;\\\"><span style=\\\"font-size: 19px; color: #424242;\\\"><span style=\\\"font-size: 12px;\\\">Blanca Espejo, Biologiste, 28 ans<\/span><br \/><\/span><span style=\\\"font-size: 19px; color: #424242;\\\">\\\"J'ai appris que la cl\u00e9 du succ\u00e8s et du bonheur est en nous, il suffit d'apprendre \u00e0 la trouver et \u00e0 en profiter!\\\"<\/span><\/span><\/p><p class=\\\"p1\\\" style=\\\"line-height: 0.8;\\\"><span style=\\\"letter-spacing: 0.02em; font-family: NeueMontreal-Regular;\\\"><span style=\\\"font-size: 19px; color: #424242;\\\"><span style=\\\"font-size: 12px;\\\">Maria, Psychologue, 28 ans<\/span><br \/><\/span><span style=\\\"font-size: 19px; color: #424242;\\\">\\\"Le processus de coaching a signifi\u00e9 pour moi un espace personnel de r\u00e9flexion et d'analyse, sans bruit, sans peur ni tension o\u00f9 j\u2019ai pu clarifier et mat\u00e9rialiser mes objectifs. J'ai v\u00e9cu un processus de d\u00e9couverte de potentiel, d'identification et d'activation de toutes mes ressources. Cela implique un changement de perspective, une plus grande prise de conscience de la direction que je veux prendre, de nouvelles voies pour atteindre mes objectifs. Mais surtout, gr\u00e2ce au processus de coaching, je suis plus capable et plus ma\u00eetre de ma vie.\\\"<\/span><\/span><\/p><p class=\\\"p1\\\" style=\\\"line-height: 0.8;\\\"><span style=\\\"letter-spacing: 0.02em; font-family: NeueMontreal-Regular;\\\"><span style=\\\"font-size: 19px; color: #424242;\\\"><span style=\\\"font-size: 12px;\\\">Pilar, Infirmi\u00e8re, 37 ans<\/span><br \/><\/span><span style=\\\"font-size: 19px; color: #424242;\\\">\\\"Le coaching m\u2019a permi de d\u00e9couvrir que je peux essayer de r\u00e9aliser ce que je pense qui me rendra heureuse et ne pas me sentir mal si cela ne semble pas conventionnel ou accept\u00e9. J\u2019ai pu d\u00e9couvrir qu'avec un peu de r\u00e9flexion accompagn\u00e9e, je peux exploiter le meilleur de moi et am\u00e9liorer ce qui marche moins bien.\\\"<\/span><\/span><\/p>\",\r\n      \"align\": \"top\",\r\n      \"row\": 0,\r\n      \"col\": 9,\r\n      \"colspan\": 3,\r\n      \"offsetx\": 0,\r\n      \"offsety\": 0,\r\n      \"spaceabove\": 1,\r\n      \"spacebelow\": 7.2,\r\n      \"yvel\": 1,\r\n      \"push\": 9,\r\n      \"relid\": 13,\r\n      \"frameOverflow\": \"\"\r\n    }\r\n  ]\r\n}","phonegrid":"{\r\n  \"colCount\": 12,\r\n  \"colGutter\": 1,\r\n  \"rowGutters\": [\r\n    20,\r\n    40\r\n  ],\r\n  \"frameMargin\": 3,\r\n  \"topFrameMargin\": 1.5,\r\n  \"bottomFrameMargin\": 3,\r\n  \"rowAttrs\": [\r\n    {},\r\n    {},\r\n    {}\r\n  ],\r\n  \"bgColor\": null,\r\n  \"cont\": [\r\n    {\r\n      \"type\": \"text\",\r\n      \"cont\": \"<p class=\\\"p1\\\"><span class=\\\"s1\\\" style=\\\"font-family: NeueMontreal-Regular; font-size: 26px; letter-spacing: 0.02em; color: #424242;\\\">nos clients raccontent<\/span><\/p>\",\r\n      \"align\": \"top\",\r\n      \"row\": 0,\r\n      \"col\": 0,\r\n      \"colspan\": 12,\r\n      \"offsetx\": 0,\r\n      \"offsety\": 0,\r\n      \"spaceabove\": 0,\r\n      \"spacebelow\": 0,\r\n      \"yvel\": 1,\r\n      \"push\": 0,\r\n      \"relid\": 15\r\n    },\r\n    {\r\n      \"type\": \"text\",\r\n      \"cont\": \"<p class=\\\"p1\\\" style=\\\"line-height: 1;\\\"><span style=\\\"font-size: 16px; letter-spacing: 0.02em;\\\"><span style=\\\"font-family: NeueMontreal-Regular; color: #424242;\\\"><span style=\\\"font-family: NeueMontreal-RegularItalic;\\\">Laura, actrice et chef de cuisine, 32 ans<\/span><br \/><\/span><span style=\\\"font-family: NeueMontreal-Regular; color: #424242;\\\">\\\"Tout peut changer, il faut r\u00eaver et travaillez pour y parvenir.\\\"<\/span><\/span><\/p><p class=\\\"p1\\\" style=\\\"line-height: 1;\\\"><span style=\\\"font-size: 16px; letter-spacing: 0.02em;\\\"><span style=\\\"font-family: NeueMontreal-Regular; color: #424242;\\\"><span style=\\\"font-family: NeueMontreal-RegularItalic;\\\">David, Acteur, 27 ans<\/span><br \/><\/span><span style=\\\"font-family: NeueMontreal-Regular; color: #424242;\\\">\\\"Le coaching a augment\u00e9 mon niveau de conscience en me connectant \u00e0 mes propres d\u00e9sirs, en \u00e9liminant le bruit des pr\u00e9jug\u00e9s et de l'inertie. Cela m'a aussi aid\u00e9 \u00e0 me motiver et \u00e0 passer \u00e0 l'action, \u00e0 cr\u00e9er une congruence avec la vie \u00e0 laquelle j'aspire et ainsi \u00e0 m'en rapprocher. Pour moi, cela a \u00e9t\u00e9 une reconnexion avec ma propre inspiration.\\\"<\/span><\/span><\/p><p class=\\\"p1\\\" style=\\\"line-height: 1;\\\"><span style=\\\"font-size: 16px; letter-spacing: 0.02em;\\\"><span style=\\\"font-family: NeueMontreal-Regular; color: #424242;\\\"><span style=\\\"font-family: NeueMontreal-RegularItalic;\\\">Susana, Com\u00e9dienne, 36 ans<\/span><br \/><\/span><span style=\\\"font-family: NeueMontreal-Regular; color: #424242;\\\">\\\"Enfin, j\u2019ai ouvert les yeux et je me suis retrouv\u00e9e. J'ai finalement pu d\u00e9finir mon objectif et respirer en m\u00eame temps. Je suis finalement sortie du p\u00e9trin et j\u2019ai pu construire un avenir. Je vous remercie.\\\"<\/span><\/span><\/p><p class=\\\"p1\\\" style=\\\"line-height: 1;\\\"><span style=\\\"font-size: 16px; letter-spacing: 0.02em;\\\"><span style=\\\"font-family: NeueMontreal-Regular; color: #424242;\\\"><span style=\\\"font-family: NeueMontreal-RegularItalic;\\\">Javier, sc\u00e9nariste, 34 ans<\/span><br \/><\/span><span style=\\\"font-family: NeueMontreal-Regular; color: #424242;\\\">\\\"Le coaching m'a permis de reprendre confiance en moi, de trouver un \u00e9quilibre entre mes capacit\u00e9s et mes motivations, mais surtout il m'a aid\u00e9 dans mon quotidien \u00e0 profiter d'\u00eatre qui je suis, quoi qu'il arrive dans ma vie.\\\"<\/span><\/span><\/p><p class=\\\"p1\\\" style=\\\"line-height: 1;\\\"><span style=\\\"font-size: 16px; letter-spacing: 0.02em;\\\"><span style=\\\"font-family: NeueMontreal-Regular; color: #424242;\\\"><span style=\\\"font-family: NeueMontreal-RegularItalic;\\\">Mariana, Professeur\/Chercheur, 33 ans<\/span><br \/><\/span><span style=\\\"font-family: NeueMontreal-Regular; color: #424242;\\\">\\\"Pour moi, le processus de coaching signifie un processus de connaissance de soi, o\u00f9 il est possible d'identifier les points faibles (d\u00e9fauts) pour qu'ils soient surmont\u00e9s et les points forts (qualit\u00e9s) pour qu'ils soient valoris\u00e9s et d\u00e9velopp\u00e9s, avec l'objectif principal de trouver l'\u00e9panouissement professionnel . Je crois qu'\u00e0 la fin du processus, vous pouvez \u00e9galement \u00eatre plus pr\u00e9par\u00e9 et plus confiant pour prendre des d\u00e9cisions personnelles.\\\"<\/span><\/span><\/p><p class=\\\"p1\\\" style=\\\"line-height: 1;\\\"><span style=\\\"font-size: 16px; letter-spacing: 0.02em;\\\"><span style=\\\"font-family: NeueMontreal-Regular; color: #424242;\\\"><span style=\\\"font-family: NeueMontreal-RegularItalic;\\\">Blanca Espejo, biologiste, 28 ans<\/span><br \/><\/span><span style=\\\"font-family: NeueMontreal-Regular; color: #424242;\\\">\\\"J'ai appris que la cl\u00e9 du succ\u00e8s et du bonheur est en nous, il suffit d'apprendre \u00e0 la trouver et \u00e0 en profiter!\\\"<\/span><\/span><\/p><p class=\\\"p1\\\" style=\\\"line-height: 1;\\\"><span style=\\\"font-size: 16px; letter-spacing: 0.02em;\\\"><span style=\\\"font-family: NeueMontreal-Regular; color: #424242;\\\"><span style=\\\"font-family: NeueMontreal-RegularItalic;\\\">Maria, psychologue, 28 ans<\/span><br \/><\/span><span style=\\\"font-family: NeueMontreal-Regular; color: #424242;\\\">\\\"Le processus de coaching a signifi\u00e9 pour moi un espace personnel de r\u00e9flexion et d'analyse, sans bruit, sans peur ni tension o\u00f9 j\u2019ai pu clarifier et mat\u00e9rialiser mes objectifs. J'ai v\u00e9cu un processus de d\u00e9couverte de potentiel, d'identification et d'activation de toutes mes ressources. Cela implique un changement de perspective, une plus grande prise de conscience de la direction que je veux prendre, de nouvelles voies pour atteindre mes objectifs. Mais surtout, gr\u00e2ce au processus de coaching, je suis plus capable et plus ma\u00eetre de ma vie.\\\"<\/span><\/span><\/p><p class=\\\"p1\\\" style=\\\"line-height: 1;\\\"><span style=\\\"font-size: 16px; letter-spacing: 0.02em;\\\"><span style=\\\"font-family: NeueMontreal-Regular; color: #424242;\\\"><span style=\\\"font-family: NeueMontreal-RegularItalic;\\\">Pilar, infirmi\u00e8re, 37 ans<\/span><br \/><\/span><span style=\\\"font-family: NeueMontreal-Regular; color: #424242;\\\">\\\"Le coaching m\u2019a permi de d\u00e9couvrir que je peux essayer de r\u00e9aliser ce que je pense qui me rendra heureuse et ne pas me sentir mal si cela ne semble pas conventionnel ou accept\u00e9. J\u2019ai pu d\u00e9couvrir qu'avec un peu de r\u00e9flexion accompagn\u00e9e, je peux exploiter le meilleur de moi et am\u00e9liorer ce qui marche moins bien.\\\"<\/span><\/span><\/p>\",\r\n      \"align\": \"top\",\r\n      \"row\": 1,\r\n      \"col\": 0,\r\n      \"colspan\": 12,\r\n      \"offsetx\": 0,\r\n      \"offsety\": 0,\r\n      \"spaceabove\": 0,\r\n      \"spacebelow\": 0,\r\n      \"yvel\": 1,\r\n      \"push\": 0,\r\n      \"relid\": 14\r\n    },\r\n    {\r\n      \"type\": \"text\",\r\n      \"cont\": \"<p class=\\\"p1\\\" style=\\\"line-height: 1;\\\"><span style=\\\"font-family: NeueMontreal-Regular; color: #424242;\\\"><span style=\\\"font-family: NeueMontreal-Regular;\\\"><span style=\\\"letter-spacing: 0.32px;\\\">\u2191 Haut de page<\/span><\/span><\/span><\/p>\",\r\n      \"align\": \"middle\",\r\n      \"row\": 2,\r\n      \"col\": 0,\r\n      \"colspan\": 12,\r\n      \"offsetx\": 0,\r\n      \"offsety\": 0,\r\n      \"spaceabove\": 0,\r\n      \"spacebelow\": 0,\r\n      \"yvel\": 1,\r\n      \"push\": 0,\r\n      \"relid\": 16,\r\n      \"isscrolltotop\": true\r\n    }\r\n  ]\r\n}","_links":{"self":[{"href":"https:\/\/coachingemocional.es\/fr\/wp-json\/wp\/v2\/pages\/93","targetHints":{"allow":["GET"]}}],"collection":[{"href":"https:\/\/coachingemocional.es\/fr\/wp-json\/wp\/v2\/pages"}],"about":[{"href":"https:\/\/coachingemocional.es\/fr\/wp-json\/wp\/v2\/types\/page"}],"author":[{"embeddable":true,"href":"https:\/\/coachingemocional.es\/fr\/wp-json\/wp\/v2\/users\/1"}],"replies":[{"embeddable":true,"href":"https:\/\/coachingemocional.es\/fr\/wp-json\/wp\/v2\/comments?post=93"}],"version-history":[{"count":0,"href":"https:\/\/coachingemocional.es\/fr\/wp-json\/wp\/v2\/pages\/93\/revisions"}],"wp:attachment":[{"href":"https:\/\/coachingemocional.es\/fr\/wp-json\/wp\/v2\/media?parent=93"}],"curies":[{"name":"wp","href":"https:\/\/api.w.org\/{rel}","templated":true}]}}